{"id":95,"date":"2023-03-28T15:05:25","date_gmt":"2023-03-28T15:05:25","guid":{"rendered":"https:\/\/www.xn--pelttarinseudunmetsstysseura-onc.fi\/?page_id=95"},"modified":"2025-08-17T06:42:01","modified_gmt":"2025-08-17T06:42:01","slug":"rauhoitukset","status":"publish","type":"page","link":"https:\/\/www.xn--pelttarinseudunmetsstysseura-onc.fi\/?page_id=95","title":{"rendered":"Rauhoitukset\/Rajoitukset"},"content":{"rendered":"\n<h2 class=\"wp-block-heading\">Seuran asettamat rajoitukset pienriistan mets\u00e4stykseen 2024.<\/h2>\n\n\n\n<figure class=\"wp-block-table has-medium-font-size\"><table class=\"has-black-color has-white-background-color has-text-color has-background has-fixed-layout\"><tbody><tr><td>Kauris<\/td><td>Kielletty<\/td><\/tr><tr><td>Riekko<\/td><td>Mets\u00e4stys kielletty<\/td><\/tr><tr><td>Metso\/Koppelo<\/td><td>1+1Kpl\/Henkil\u00f6<\/td><\/tr><tr><td>Teeri<\/td><td>3Kpl\/Henkil\u00f6<\/td><\/tr><\/tbody><\/table><\/figure>\n\n\n\n<p class=\"has-medium-font-size\"><strong>Muutoin noudatetaan riistanhoitoyhdistyksen m\u00e4\u00e4rityksi\u00e4.<\/strong><\/p>\n\n\n\n<p><\/p>\n","protected":false},"excerpt":{"rendered":"<p>Seuran asettamat rajoitukset pienriistan mets\u00e4stykseen 2024. Kauris Kielletty Riekko Mets\u00e4stys kielletty Metso\/Koppelo 1+1Kpl\/Henkil\u00f6 Teeri 3Kpl\/Henkil\u00f6 Muutoin noudatetaan riistanhoitoyhdistyksen m\u00e4\u00e4rityksi\u00e4.<\/p>\n","protected":false},"author":1,"featured_media":0,"parent":0,"menu_order":0,"comment_status":"closed","ping_status":"closed","template":"","meta":{"footnotes":""},"class_list":["post-95","page","type-page","status-publish","czr-hentry"],"yoast_head":"<!-- This site is optimized with the Yoast SEO plugin v26.7 - https:\/\/yoast.com\/wordpress\/plugins\/seo\/ -->\n<title>Rauhoitukset\/Rajoitukset | Pelttarinseudun mets&auml;stysseura RY<\/title>\n<meta name=\"robots\" content=\"index, follow, max-snippet:-1, max-image-preview:large, max-video-preview:-1\" \/>\n<link rel=\"canonical\" href=\"https:\/\/www.xn--pelttarinseudunmetsstysseura-onc.fi\/?page_id=95\" \/>\n<meta property=\"og:locale\" content=\"fi_FI\" \/>\n<meta property=\"og:type\" content=\"article\" \/>\n<meta property=\"og:title\" content=\"Rauhoitukset\/Rajoitukset | Pelttarinseudun mets&auml;stysseura RY\" \/>\n<meta property=\"og:description\" content=\"Seuran asettamat rajoitukset pienriistan mets\u00e4stykseen 2024. Kauris Kielletty Riekko Mets\u00e4stys kielletty Metso\/Koppelo 1+1Kpl\/Henkil\u00f6 Teeri 3Kpl\/Henkil\u00f6 Muutoin noudatetaan riistanhoitoyhdistyksen m\u00e4\u00e4rityksi\u00e4.\" \/>\n<meta property=\"og:url\" content=\"https:\/\/www.xn--pelttarinseudunmetsstysseura-onc.fi\/?page_id=95\" \/>\n<meta property=\"og:site_name\" content=\"Pelttarinseudun mets&auml;stysseura RY\" \/>\n<meta property=\"article:modified_time\" content=\"2025-08-17T06:42:01+00:00\" \/>\n<meta name=\"twitter:card\" content=\"summary_large_image\" \/>\n<script type=\"application\/ld+json\" class=\"yoast-schema-graph\">{\"@context\":\"https:\/\/schema.org\",\"@graph\":[{\"@type\":\"WebPage\",\"@id\":\"https:\/\/www.xn--pelttarinseudunmetsstysseura-onc.fi\/?page_id=95\",\"url\":\"https:\/\/www.xn--pelttarinseudunmetsstysseura-onc.fi\/?page_id=95\",\"name\":\"Rauhoitukset\/Rajoitukset | Pelttarinseudun mets&auml;stysseura RY\",\"isPartOf\":{\"@id\":\"https:\/\/www.xn--pelttarinseudunmetsstysseura-onc.fi\/#website\"},\"datePublished\":\"2023-03-28T15:05:25+00:00\",\"dateModified\":\"2025-08-17T06:42:01+00:00\",\"breadcrumb\":{\"@id\":\"https:\/\/www.xn--pelttarinseudunmetsstysseura-onc.fi\/?page_id=95#breadcrumb\"},\"inLanguage\":\"fi\",\"potentialAction\":[{\"@type\":\"ReadAction\",\"target\":[\"https:\/\/www.xn--pelttarinseudunmetsstysseura-onc.fi\/?page_id=95\"]}]},{\"@type\":\"BreadcrumbList\",\"@id\":\"https:\/\/www.xn--pelttarinseudunmetsstysseura-onc.fi\/?page_id=95#breadcrumb\",\"itemListElement\":[{\"@type\":\"ListItem\",\"position\":1,\"name\":\"Etusivu\",\"item\":\"https:\/\/www.xn--pelttarinseudunmetsstysseura-onc.fi\/\"},{\"@type\":\"ListItem\",\"position\":2,\"name\":\"Rauhoitukset\/Rajoitukset\"}]},{\"@type\":\"WebSite\",\"@id\":\"https:\/\/www.xn--pelttarinseudunmetsstysseura-onc.fi\/#website\",\"url\":\"https:\/\/www.xn--pelttarinseudunmetsstysseura-onc.fi\/\",\"name\":\"Pelttarinseudun mets&auml;stysseura RY\",\"description\":\"\",\"publisher\":{\"@id\":\"https:\/\/www.xn--pelttarinseudunmetsstysseura-onc.fi\/#organization\"},\"alternateName\":\"pelttarinseudunmetsastysseura\",\"potentialAction\":[{\"@type\":\"SearchAction\",\"target\":{\"@type\":\"EntryPoint\",\"urlTemplate\":\"https:\/\/www.xn--pelttarinseudunmetsstysseura-onc.fi\/?s={search_term_string}\"},\"query-input\":{\"@type\":\"PropertyValueSpecification\",\"valueRequired\":true,\"valueName\":\"search_term_string\"}}],\"inLanguage\":\"fi\"},{\"@type\":\"Organization\",\"@id\":\"https:\/\/www.xn--pelttarinseudunmetsstysseura-onc.fi\/#organization\",\"name\":\"Pelttarinseudun mets\u00e4stysseura Ry\",\"url\":\"https:\/\/www.xn--pelttarinseudunmetsstysseura-onc.fi\/\",\"logo\":{\"@type\":\"ImageObject\",\"inLanguage\":\"fi\",\"@id\":\"https:\/\/www.xn--pelttarinseudunmetsstysseura-onc.fi\/#\/schema\/logo\/image\/\",\"url\":\"https:\/\/www.xn--pelttarinseudunmetsstysseura-onc.fi\/wp-content\/uploads\/2023\/03\/cropped-cropped-cropped-cropped-rhy.png\",\"contentUrl\":\"https:\/\/www.xn--pelttarinseudunmetsstysseura-onc.fi\/wp-content\/uploads\/2023\/03\/cropped-cropped-cropped-cropped-rhy.png\",\"width\":210,\"height\":161,\"caption\":\"Pelttarinseudun mets\u00e4stysseura Ry\"},\"image\":{\"@id\":\"https:\/\/www.xn--pelttarinseudunmetsstysseura-onc.fi\/#\/schema\/logo\/image\/\"}}]}<\/script>\n<!-- \/ Yoast SEO plugin. -->","yoast_head_json":{"title":"Rauhoitukset\/Rajoitukset | Pelttarinseudun mets&auml;stysseura RY","robots":{"index":"index","follow":"follow","max-snippet":"max-snippet:-1","max-image-preview":"max-image-preview:large","max-video-preview":"max-video-preview:-1"},"canonical":"https:\/\/www.xn--pelttarinseudunmetsstysseura-onc.fi\/?page_id=95","og_locale":"fi_FI","og_type":"article","og_title":"Rauhoitukset\/Rajoitukset | Pelttarinseudun mets&auml;stysseura RY","og_description":"Seuran asettamat rajoitukset pienriistan mets\u00e4stykseen 2024. Kauris Kielletty Riekko Mets\u00e4stys kielletty Metso\/Koppelo 1+1Kpl\/Henkil\u00f6 Teeri 3Kpl\/Henkil\u00f6 Muutoin noudatetaan riistanhoitoyhdistyksen m\u00e4\u00e4rityksi\u00e4.","og_url":"https:\/\/www.xn--pelttarinseudunmetsstysseura-onc.fi\/?page_id=95","og_site_name":"Pelttarinseudun mets&auml;stysseura RY","article_modified_time":"2025-08-17T06:42:01+00:00","twitter_card":"summary_large_image","schema":{"@context":"https:\/\/schema.org","@graph":[{"@type":"WebPage","@id":"https:\/\/www.xn--pelttarinseudunmetsstysseura-onc.fi\/?page_id=95","url":"https:\/\/www.xn--pelttarinseudunmetsstysseura-onc.fi\/?page_id=95","name":"Rauhoitukset\/Rajoitukset | Pelttarinseudun mets&auml;stysseura RY","isPartOf":{"@id":"https:\/\/www.xn--pelttarinseudunmetsstysseura-onc.fi\/#website"},"datePublished":"2023-03-28T15:05:25+00:00","dateModified":"2025-08-17T06:42:01+00:00","breadcrumb":{"@id":"https:\/\/www.xn--pelttarinseudunmetsstysseura-onc.fi\/?page_id=95#breadcrumb"},"inLanguage":"fi","potentialAction":[{"@type":"ReadAction","target":["https:\/\/www.xn--pelttarinseudunmetsstysseura-onc.fi\/?page_id=95"]}]},{"@type":"BreadcrumbList","@id":"https:\/\/www.xn--pelttarinseudunmetsstysseura-onc.fi\/?page_id=95#breadcrumb","itemListElement":[{"@type":"ListItem","position":1,"name":"Etusivu","item":"https:\/\/www.xn--pelttarinseudunmetsstysseura-onc.fi\/"},{"@type":"ListItem","position":2,"name":"Rauhoitukset\/Rajoitukset"}]},{"@type":"WebSite","@id":"https:\/\/www.xn--pelttarinseudunmetsstysseura-onc.fi\/#website","url":"https:\/\/www.xn--pelttarinseudunmetsstysseura-onc.fi\/","name":"Pelttarinseudun mets&auml;stysseura RY","description":"","publisher":{"@id":"https:\/\/www.xn--pelttarinseudunmetsstysseura-onc.fi\/#organization"},"alternateName":"pelttarinseudunmetsastysseura","potentialAction":[{"@type":"SearchAction","target":{"@type":"EntryPoint","urlTemplate":"https:\/\/www.xn--pelttarinseudunmetsstysseura-onc.fi\/?s={search_term_string}"},"query-input":{"@type":"PropertyValueSpecification","valueRequired":true,"valueName":"search_term_string"}}],"inLanguage":"fi"},{"@type":"Organization","@id":"https:\/\/www.xn--pelttarinseudunmetsstysseura-onc.fi\/#organization","name":"Pelttarinseudun mets\u00e4stysseura Ry","url":"https:\/\/www.xn--pelttarinseudunmetsstysseura-onc.fi\/","logo":{"@type":"ImageObject","inLanguage":"fi","@id":"https:\/\/www.xn--pelttarinseudunmetsstysseura-onc.fi\/#\/schema\/logo\/image\/","url":"https:\/\/www.xn--pelttarinseudunmetsstysseura-onc.fi\/wp-content\/uploads\/2023\/03\/cropped-cropped-cropped-cropped-rhy.png","contentUrl":"https:\/\/www.xn--pelttarinseudunmetsstysseura-onc.fi\/wp-content\/uploads\/2023\/03\/cropped-cropped-cropped-cropped-rhy.png","width":210,"height":161,"caption":"Pelttarinseudun mets\u00e4stysseura Ry"},"image":{"@id":"https:\/\/www.xn--pelttarinseudunmetsstysseura-onc.fi\/#\/schema\/logo\/image\/"}}]}},"_links":{"self":[{"href":"https:\/\/www.xn--pelttarinseudunmetsstysseura-onc.fi\/index.php?rest_route=\/wp\/v2\/pages\/95","targetHints":{"allow":["GET"]}}],"collection":[{"href":"https:\/\/www.xn--pelttarinseudunmetsstysseura-onc.fi\/index.php?rest_route=\/wp\/v2\/pages"}],"about":[{"href":"https:\/\/www.xn--pelttarinseudunmetsstysseura-onc.fi\/index.php?rest_route=\/wp\/v2\/types\/page"}],"author":[{"embeddable":true,"href":"https:\/\/www.xn--pelttarinseudunmetsstysseura-onc.fi\/index.php?rest_route=\/wp\/v2\/users\/1"}],"replies":[{"embeddable":true,"href":"https:\/\/www.xn--pelttarinseudunmetsstysseura-onc.fi\/index.php?rest_route=%2Fwp%2Fv2%2Fcomments&post=95"}],"version-history":[{"count":25,"href":"https:\/\/www.xn--pelttarinseudunmetsstysseura-onc.fi\/index.php?rest_route=\/wp\/v2\/pages\/95\/revisions"}],"predecessor-version":[{"id":548,"href":"https:\/\/www.xn--pelttarinseudunmetsstysseura-onc.fi\/index.php?rest_route=\/wp\/v2\/pages\/95\/revisions\/548"}],"wp:attachment":[{"href":"https:\/\/www.xn--pelttarinseudunmetsstysseura-onc.fi\/index.php?rest_route=%2Fwp%2Fv2%2Fmedia&parent=95"}],"curies":[{"name":"wp","href":"https:\/\/api.w.org\/{rel}","templated":true}]}}