{"id":79,"date":"2023-03-28T14:54:15","date_gmt":"2023-03-28T14:54:15","guid":{"rendered":"https:\/\/www.xn--pelttarinseudunmetsstysseura-onc.fi\/?page_id=79"},"modified":"2025-08-03T10:34:25","modified_gmt":"2025-08-03T10:34:25","slug":"asiakirjat","status":"publish","type":"page","link":"https:\/\/www.xn--pelttarinseudunmetsstysseura-onc.fi\/?page_id=79","title":{"rendered":"Asiakirjat"},"content":{"rendered":"\n<h2 class=\"wp-block-heading\">P\u00f6yt\u00e4kirja kes\u00e4kokous 2025<\/h2>\n\n\n\n<div data-wp-interactive=\"core\/file\" class=\"wp-block-file\"><object data-wp-bind--hidden=\"!state.hasPdfPreview\" hidden class=\"wp-block-file__embed\" data=\"https:\/\/www.xn--pelttarinseudunmetsstysseura-onc.fi\/wp-content\/uploads\/2025\/08\/Kesakokous-2.8.2025-3.0.pdf\" type=\"application\/pdf\" style=\"width:100%;height:600px\" aria-label=\"Tiedoston Kes\u00e4kokous 2.8.2025 3.0 upotus.\"><\/object><a id=\"wp-block-file--media-4061576c-b1c7-4762-81e7-dae14c973d68\" href=\"https:\/\/www.xn--pelttarinseudunmetsstysseura-onc.fi\/wp-content\/uploads\/2025\/08\/Kesakokous-2.8.2025-3.0.pdf\">Kes\u00e4kokous 2.8.2025 3.0<\/a><a href=\"https:\/\/www.xn--pelttarinseudunmetsstysseura-onc.fi\/wp-content\/uploads\/2025\/08\/Kesakokous-2.8.2025-3.0.pdf\" class=\"wp-block-file__button wp-element-button\" download aria-describedby=\"wp-block-file--media-4061576c-b1c7-4762-81e7-dae14c973d68\">Lataa<\/a><\/div>\n\n\n\n<h2 class=\"wp-block-heading\">P\u00f6yt\u00e4kirja talvikokous 2025<\/h2>\n\n\n\n<div data-wp-interactive=\"core\/file\" class=\"wp-block-file\"><object data-wp-bind--hidden=\"!state.hasPdfPreview\" hidden class=\"wp-block-file__embed\" data=\"https:\/\/www.xn--pelttarinseudunmetsstysseura-onc.fi\/wp-content\/uploads\/2025\/02\/Talvikokouksen-poytakirja_Valmis.pdf\" type=\"application\/pdf\" style=\"width:100%;height:600px\" aria-label=\"Tiedoston Talvikokouksen p\u00f6yt\u00e4kirja_Valmis upotus.\"><\/object><a id=\"wp-block-file--media-b7d35c59-6f96-48ae-a80b-03bd3898b50f\" href=\"https:\/\/www.xn--pelttarinseudunmetsstysseura-onc.fi\/wp-content\/uploads\/2025\/02\/Talvikokouksen-poytakirja_Valmis.pdf\">Talvikokouksen p\u00f6yt\u00e4kirja_Valmis<\/a><a href=\"https:\/\/www.xn--pelttarinseudunmetsstysseura-onc.fi\/wp-content\/uploads\/2025\/02\/Talvikokouksen-poytakirja_Valmis.pdf\" class=\"wp-block-file__button wp-element-button\" download aria-describedby=\"wp-block-file--media-b7d35c59-6f96-48ae-a80b-03bd3898b50f\">Lataa<\/a><\/div>\n\n\n\n<h2 class=\"wp-block-heading\">P\u00f6yt\u00e4kirja kes\u00e4kokous 03.08.2024<\/h2>\n\n\n\n<div data-wp-interactive=\"core\/file\" class=\"wp-block-file\"><object data-wp-bind--hidden=\"!state.hasPdfPreview\" hidden class=\"wp-block-file__embed\" data=\"https:\/\/www.xn--pelttarinseudunmetsstysseura-onc.fi\/wp-content\/uploads\/2024\/08\/Poytakirja-kesakokouspdf.pdf\" type=\"application\/pdf\" style=\"width:100%;height:600px\" aria-label=\"Tiedoston Poytakirja-kesakokouspdf upotus.\"><\/object><a id=\"wp-block-file--media-8da32e84-a323-48dc-819d-4d49d91fcc28\" href=\"https:\/\/www.xn--pelttarinseudunmetsstysseura-onc.fi\/wp-content\/uploads\/2024\/08\/Poytakirja-kesakokouspdf.pdf\">Poytakirja-kesakokouspdf<\/a><a href=\"https:\/\/www.xn--pelttarinseudunmetsstysseura-onc.fi\/wp-content\/uploads\/2024\/08\/Poytakirja-kesakokouspdf.pdf\" class=\"wp-block-file__button wp-element-button\" download aria-describedby=\"wp-block-file--media-8da32e84-a323-48dc-819d-4d49d91fcc28\">Lataa<\/a><\/div>\n\n\n\n<h2 class=\"wp-block-heading\">Esityslista kes\u00e4kokous 03.08.2024<\/h2>\n\n\n\n<div data-wp-interactive=\"core\/file\" class=\"wp-block-file\"><object data-wp-bind--hidden=\"!state.hasPdfPreview\" hidden class=\"wp-block-file__embed\" data=\"https:\/\/www.xn--pelttarinseudunmetsstysseura-onc.fi\/wp-content\/uploads\/2024\/08\/Esityslista-3.8.2024.pdf\" type=\"application\/pdf\" style=\"width:100%;height:600px\" aria-label=\"Tiedoston Esityslista-3.8.2024 upotus.\"><\/object><a id=\"wp-block-file--media-4700e8df-07e5-4f46-8fdf-987e0a1b4a08\" href=\"https:\/\/www.xn--pelttarinseudunmetsstysseura-onc.fi\/wp-content\/uploads\/2024\/08\/Esityslista-3.8.2024.pdf\">Esityslista-3.8.2024<\/a><a href=\"https:\/\/www.xn--pelttarinseudunmetsstysseura-onc.fi\/wp-content\/uploads\/2024\/08\/Esityslista-3.8.2024.pdf\" class=\"wp-block-file__button wp-element-button\" download aria-describedby=\"wp-block-file--media-4700e8df-07e5-4f46-8fdf-987e0a1b4a08\">Lataa<\/a><\/div>\n\n\n\n<h2 class=\"wp-block-heading\">P\u00f6yt\u00e4kirja ylim\u00e4\u00e4r\u00e4inen kokous<\/h2>\n\n\n\n<div data-wp-interactive=\"core\/file\" class=\"wp-block-file\"><object data-wp-bind--hidden=\"!state.hasPdfPreview\" hidden class=\"wp-block-file__embed\" data=\"https:\/\/www.xn--pelttarinseudunmetsstysseura-onc.fi\/wp-content\/uploads\/2024\/04\/Poytakirja-ylimaarainen-kokous.pdf\" type=\"application\/pdf\" style=\"width:100%;height:600px\" aria-label=\"Tiedoston Poytakirja-ylimaarainen-kokous upotus.\"><\/object><a id=\"wp-block-file--media-95ea9dda-d94f-45ec-a6fa-e406b21a853a\" href=\"https:\/\/www.xn--pelttarinseudunmetsstysseura-onc.fi\/wp-content\/uploads\/2024\/04\/Poytakirja-ylimaarainen-kokous.pdf\">Poytakirja-ylimaarainen-kokous<\/a><a href=\"https:\/\/www.xn--pelttarinseudunmetsstysseura-onc.fi\/wp-content\/uploads\/2024\/04\/Poytakirja-ylimaarainen-kokous.pdf\" class=\"wp-block-file__button wp-element-button\" download aria-describedby=\"wp-block-file--media-95ea9dda-d94f-45ec-a6fa-e406b21a853a\">Lataa<\/a><\/div>\n\n\n\n<h2 class=\"wp-block-heading\">Esityslista ylim\u00e4\u00e4r\u00e4inen kokous<\/h2>\n\n\n\n<div data-wp-interactive=\"core\/file\" class=\"wp-block-file\"><object data-wp-bind--hidden=\"!state.hasPdfPreview\" hidden class=\"wp-block-file__embed\" data=\"https:\/\/www.xn--pelttarinseudunmetsstysseura-onc.fi\/wp-content\/uploads\/2024\/04\/Esityslista.pdf\" type=\"application\/pdf\" style=\"width:100%;height:600px\" aria-label=\"Tiedoston Esityslista upotus.\"><\/object><a id=\"wp-block-file--media-c0fe9d08-0c9e-4de3-a202-c2ead3247ef2\" href=\"https:\/\/www.xn--pelttarinseudunmetsstysseura-onc.fi\/wp-content\/uploads\/2024\/04\/Esityslista.pdf\">Esityslista<\/a><a href=\"https:\/\/www.xn--pelttarinseudunmetsstysseura-onc.fi\/wp-content\/uploads\/2024\/04\/Esityslista.pdf\" class=\"wp-block-file__button wp-element-button\" download aria-describedby=\"wp-block-file--media-c0fe9d08-0c9e-4de3-a202-c2ead3247ef2\">Lataa<\/a><\/div>\n\n\n\n<h2 class=\"wp-block-heading\">Talvikokous 2024 P\u00f6yt\u00e4kirja<\/h2>\n\n\n\n<div data-wp-interactive=\"core\/file\" class=\"wp-block-file\"><object data-wp-bind--hidden=\"!state.hasPdfPreview\" hidden class=\"wp-block-file__embed\" data=\"https:\/\/www.xn--pelttarinseudunmetsstysseura-onc.fi\/wp-content\/uploads\/2024\/02\/Talvikokous24Poytakirja.pdf\" type=\"application\/pdf\" style=\"width:100%;height:600px\" aria-label=\"Tiedoston Talvikokous24Poytakirja upotus.\"><\/object><a id=\"wp-block-file--media-3a430e1c-7ce3-4a93-afa1-c6f5e99a62d1\" href=\"https:\/\/www.xn--pelttarinseudunmetsstysseura-onc.fi\/wp-content\/uploads\/2024\/02\/Talvikokous24Poytakirja.pdf\">Talvikokous24Poytakirja<\/a><a href=\"https:\/\/www.xn--pelttarinseudunmetsstysseura-onc.fi\/wp-content\/uploads\/2024\/02\/Talvikokous24Poytakirja.pdf\" class=\"wp-block-file__button wp-element-button\" download aria-describedby=\"wp-block-file--media-3a430e1c-7ce3-4a93-afa1-c6f5e99a62d1\">Lataa<\/a><\/div>\n\n\n\n<h2 class=\"wp-block-heading\">Kes\u00e4kokous 2023 P\u00f6yt\u00e4kirja<\/h2>\n\n\n\n<div data-wp-interactive=\"core\/file\" class=\"wp-block-file\"><object data-wp-bind--hidden=\"!state.hasPdfPreview\" hidden class=\"wp-block-file__embed\" data=\"https:\/\/www.xn--pelttarinseudunmetsstysseura-onc.fi\/wp-content\/uploads\/2024\/02\/Kesakokous23Poytakirja-1.pdf\" type=\"application\/pdf\" style=\"width:100%;height:600px\" aria-label=\"Tiedoston Kesakokous23Poytakirja-1 upotus.\"><\/object><a id=\"wp-block-file--media-d912f2e4-7c5d-4c14-9b8d-343f8856f7ce\" href=\"https:\/\/www.xn--pelttarinseudunmetsstysseura-onc.fi\/wp-content\/uploads\/2024\/02\/Kesakokous23Poytakirja-1.pdf\">Kesakokous23Poytakirja-1<\/a><a href=\"https:\/\/www.xn--pelttarinseudunmetsstysseura-onc.fi\/wp-content\/uploads\/2024\/02\/Kesakokous23Poytakirja-1.pdf\" class=\"wp-block-file__button wp-element-button\" download aria-describedby=\"wp-block-file--media-d912f2e4-7c5d-4c14-9b8d-343f8856f7ce\">Lataa<\/a><\/div>\n\n\n\n<h2 class=\"wp-block-heading\">Aluetunnus 23\/24<\/h2>\n\n\n\n<p>Seuran pienriista aluetunnus  8JHTFW9TLK<\/p>\n\n\n\n<div data-wp-interactive=\"core\/file\" class=\"wp-block-file\"><object data-wp-bind--hidden=\"!state.hasPdfPreview\" hidden class=\"wp-block-file__embed\" data=\"https:\/\/www.xn--pelttarinseudunmetsstysseura-onc.fi\/wp-content\/uploads\/2023\/05\/oma-riista-alueen-hakeminen-maastosovelluksella-android-2.3.0.pdf\" type=\"application\/pdf\" style=\"width:100%;height:600px\" aria-label=\"Tiedoston oma-riista-alueen-hakeminen-maastosovelluksella-android-2.3.0 upotus.\"><\/object><a id=\"wp-block-file--media-43e07116-f2ac-47b0-9667-456f49bcdc2a\" href=\"https:\/\/www.xn--pelttarinseudunmetsstysseura-onc.fi\/wp-content\/uploads\/2023\/05\/oma-riista-alueen-hakeminen-maastosovelluksella-android-2.3.0.pdf\">oma-riista-alueen-hakeminen-maastosovelluksella-android-2.3.0<\/a><a href=\"https:\/\/www.xn--pelttarinseudunmetsstysseura-onc.fi\/wp-content\/uploads\/2023\/05\/oma-riista-alueen-hakeminen-maastosovelluksella-android-2.3.0.pdf\" class=\"wp-block-file__button wp-element-button\" download aria-describedby=\"wp-block-file--media-43e07116-f2ac-47b0-9667-456f49bcdc2a\">Lataa<\/a><\/div>\n\n\n\n<h2 class=\"wp-block-heading\">S\u00e4\u00e4nn\u00f6t<\/h2>\n\n\n\n<div data-wp-interactive=\"core\/file\" class=\"wp-block-file\"><object data-wp-bind--hidden=\"!state.hasPdfPreview\" hidden class=\"wp-block-file__embed\" data=\"https:\/\/www.xn--pelttarinseudunmetsstysseura-onc.fi\/wp-content\/uploads\/2025\/02\/Seuran-saannot-paivitetyt.pdf\" type=\"application\/pdf\" style=\"width:100%;height:600px\" aria-label=\"Tiedoston Seuran s\u00e4\u00e4nn\u00f6t p\u00e4ivitetyt upotus.\"><\/object><a id=\"wp-block-file--media-446acd56-450b-4dce-9ced-6887ddf75bb2\" href=\"https:\/\/www.xn--pelttarinseudunmetsstysseura-onc.fi\/wp-content\/uploads\/2025\/02\/Seuran-saannot-paivitetyt.pdf\">Seuran s\u00e4\u00e4nn\u00f6t p\u00e4ivitetyt<\/a><a href=\"https:\/\/www.xn--pelttarinseudunmetsstysseura-onc.fi\/wp-content\/uploads\/2025\/02\/Seuran-saannot-paivitetyt.pdf\" class=\"wp-block-file__button wp-element-button\" download aria-describedby=\"wp-block-file--media-446acd56-450b-4dce-9ced-6887ddf75bb2\">Lataa<\/a><\/div>\n\n\n\n<p><\/p>\n\n\n\n<h2 class=\"wp-block-heading\">Mets\u00e4stysseuran p\u00f6yt\u00e4kirja 13.8.2022<\/h2>\n\n\n\n<div data-wp-interactive=\"core\/file\" class=\"wp-block-file\"><object data-wp-bind--hidden=\"!state.hasPdfPreview\" hidden class=\"wp-block-file__embed\" data=\"https:\/\/www.xn--pelttarinseudunmetsstysseura-onc.fi\/wp-content\/uploads\/2023\/04\/Metsastysseuran-poytakirja-13.8.2022-2.pdf\" type=\"application\/pdf\" style=\"width:100%;height:600px\" aria-label=\"Tiedoston Metsastysseuran-poytakirja-13.8.2022-2 upotus.\"><\/object><a id=\"wp-block-file--media-ba6eff5b-a55c-45e8-ac21-b876e3477324\" href=\"https:\/\/www.xn--pelttarinseudunmetsstysseura-onc.fi\/wp-content\/uploads\/2023\/04\/Metsastysseuran-poytakirja-13.8.2022-2.pdf\">Metsastysseuran-poytakirja-13.8.2022-2<\/a><a href=\"https:\/\/www.xn--pelttarinseudunmetsstysseura-onc.fi\/wp-content\/uploads\/2023\/04\/Metsastysseuran-poytakirja-13.8.2022-2.pdf\" class=\"wp-block-file__button wp-element-button\" download aria-describedby=\"wp-block-file--media-ba6eff5b-a55c-45e8-ac21-b876e3477324\">Lataa<\/a><\/div>\n","protected":false},"excerpt":{"rendered":"<p>P\u00f6yt\u00e4kirja kes\u00e4kokous 2025 P\u00f6yt\u00e4kirja talvikokous 2025 P\u00f6yt\u00e4kirja kes\u00e4kokous 03.08.2024 Esityslista kes\u00e4kokous 03.08.2024 P\u00f6yt\u00e4kirja ylim\u00e4\u00e4r\u00e4inen kokous Esityslista ylim\u00e4\u00e4r\u00e4inen kokous Talvikokous 2024 P\u00f6yt\u00e4kirja Kes\u00e4kokous 2023 P\u00f6yt\u00e4kirja Aluetunnus 23\/24 Seuran pienriista aluetunnus 8JHTFW9TLK S\u00e4\u00e4nn\u00f6t Mets\u00e4stysseuran p\u00f6yt\u00e4kirja 13.8.2022<\/p>\n","protected":false},"author":1,"featured_media":0,"parent":0,"menu_order":0,"comment_status":"closed","ping_status":"closed","template":"","meta":{"footnotes":""},"class_list":["post-79","page","type-page","status-publish","czr-hentry"],"yoast_head":"<!-- This site is optimized with the Yoast SEO plugin v26.7 - https:\/\/yoast.com\/wordpress\/plugins\/seo\/ -->\n<title>Asiakirjat | Pelttarinseudun mets&auml;stysseura RY<\/title>\n<meta name=\"robots\" content=\"index, follow, max-snippet:-1, max-image-preview:large, max-video-preview:-1\" \/>\n<link rel=\"canonical\" href=\"https:\/\/www.xn--pelttarinseudunmetsstysseura-onc.fi\/?page_id=79\" \/>\n<meta property=\"og:locale\" content=\"fi_FI\" \/>\n<meta property=\"og:type\" content=\"article\" \/>\n<meta property=\"og:title\" content=\"Asiakirjat | Pelttarinseudun mets&auml;stysseura RY\" \/>\n<meta property=\"og:description\" content=\"P\u00f6yt\u00e4kirja kes\u00e4kokous 2025 P\u00f6yt\u00e4kirja talvikokous 2025 P\u00f6yt\u00e4kirja kes\u00e4kokous 03.08.2024 Esityslista kes\u00e4kokous 03.08.2024 P\u00f6yt\u00e4kirja ylim\u00e4\u00e4r\u00e4inen kokous Esityslista ylim\u00e4\u00e4r\u00e4inen kokous Talvikokous 2024 P\u00f6yt\u00e4kirja Kes\u00e4kokous 2023 P\u00f6yt\u00e4kirja Aluetunnus 23\/24 Seuran pienriista aluetunnus 8JHTFW9TLK S\u00e4\u00e4nn\u00f6t Mets\u00e4stysseuran p\u00f6yt\u00e4kirja 13.8.2022\" \/>\n<meta property=\"og:url\" content=\"https:\/\/www.xn--pelttarinseudunmetsstysseura-onc.fi\/?page_id=79\" \/>\n<meta property=\"og:site_name\" content=\"Pelttarinseudun mets&auml;stysseura RY\" \/>\n<meta property=\"article:modified_time\" content=\"2025-08-03T10:34:25+00:00\" \/>\n<meta name=\"twitter:card\" content=\"summary_large_image\" \/>\n<script type=\"application\/ld+json\" class=\"yoast-schema-graph\">{\"@context\":\"https:\/\/schema.org\",\"@graph\":[{\"@type\":\"WebPage\",\"@id\":\"https:\/\/www.xn--pelttarinseudunmetsstysseura-onc.fi\/?page_id=79\",\"url\":\"https:\/\/www.xn--pelttarinseudunmetsstysseura-onc.fi\/?page_id=79\",\"name\":\"Asiakirjat | Pelttarinseudun mets&auml;stysseura RY\",\"isPartOf\":{\"@id\":\"https:\/\/www.xn--pelttarinseudunmetsstysseura-onc.fi\/#website\"},\"datePublished\":\"2023-03-28T14:54:15+00:00\",\"dateModified\":\"2025-08-03T10:34:25+00:00\",\"breadcrumb\":{\"@id\":\"https:\/\/www.xn--pelttarinseudunmetsstysseura-onc.fi\/?page_id=79#breadcrumb\"},\"inLanguage\":\"fi\",\"potentialAction\":[{\"@type\":\"ReadAction\",\"target\":[\"https:\/\/www.xn--pelttarinseudunmetsstysseura-onc.fi\/?page_id=79\"]}]},{\"@type\":\"BreadcrumbList\",\"@id\":\"https:\/\/www.xn--pelttarinseudunmetsstysseura-onc.fi\/?page_id=79#breadcrumb\",\"itemListElement\":[{\"@type\":\"ListItem\",\"position\":1,\"name\":\"Etusivu\",\"item\":\"https:\/\/www.xn--pelttarinseudunmetsstysseura-onc.fi\/\"},{\"@type\":\"ListItem\",\"position\":2,\"name\":\"Asiakirjat\"}]},{\"@type\":\"WebSite\",\"@id\":\"https:\/\/www.xn--pelttarinseudunmetsstysseura-onc.fi\/#website\",\"url\":\"https:\/\/www.xn--pelttarinseudunmetsstysseura-onc.fi\/\",\"name\":\"Pelttarinseudun mets&auml;stysseura RY\",\"description\":\"\",\"publisher\":{\"@id\":\"https:\/\/www.xn--pelttarinseudunmetsstysseura-onc.fi\/#organization\"},\"alternateName\":\"pelttarinseudunmetsastysseura\",\"potentialAction\":[{\"@type\":\"SearchAction\",\"target\":{\"@type\":\"EntryPoint\",\"urlTemplate\":\"https:\/\/www.xn--pelttarinseudunmetsstysseura-onc.fi\/?s={search_term_string}\"},\"query-input\":{\"@type\":\"PropertyValueSpecification\",\"valueRequired\":true,\"valueName\":\"search_term_string\"}}],\"inLanguage\":\"fi\"},{\"@type\":\"Organization\",\"@id\":\"https:\/\/www.xn--pelttarinseudunmetsstysseura-onc.fi\/#organization\",\"name\":\"Pelttarinseudun mets\u00e4stysseura Ry\",\"url\":\"https:\/\/www.xn--pelttarinseudunmetsstysseura-onc.fi\/\",\"logo\":{\"@type\":\"ImageObject\",\"inLanguage\":\"fi\",\"@id\":\"https:\/\/www.xn--pelttarinseudunmetsstysseura-onc.fi\/#\/schema\/logo\/image\/\",\"url\":\"https:\/\/www.xn--pelttarinseudunmetsstysseura-onc.fi\/wp-content\/uploads\/2023\/03\/cropped-cropped-cropped-cropped-rhy.png\",\"contentUrl\":\"https:\/\/www.xn--pelttarinseudunmetsstysseura-onc.fi\/wp-content\/uploads\/2023\/03\/cropped-cropped-cropped-cropped-rhy.png\",\"width\":210,\"height\":161,\"caption\":\"Pelttarinseudun mets\u00e4stysseura Ry\"},\"image\":{\"@id\":\"https:\/\/www.xn--pelttarinseudunmetsstysseura-onc.fi\/#\/schema\/logo\/image\/\"}}]}<\/script>\n<!-- \/ Yoast SEO plugin. -->","yoast_head_json":{"title":"Asiakirjat | Pelttarinseudun mets&auml;stysseura RY","robots":{"index":"index","follow":"follow","max-snippet":"max-snippet:-1","max-image-preview":"max-image-preview:large","max-video-preview":"max-video-preview:-1"},"canonical":"https:\/\/www.xn--pelttarinseudunmetsstysseura-onc.fi\/?page_id=79","og_locale":"fi_FI","og_type":"article","og_title":"Asiakirjat | Pelttarinseudun mets&auml;stysseura RY","og_description":"P\u00f6yt\u00e4kirja kes\u00e4kokous 2025 P\u00f6yt\u00e4kirja talvikokous 2025 P\u00f6yt\u00e4kirja kes\u00e4kokous 03.08.2024 Esityslista kes\u00e4kokous 03.08.2024 P\u00f6yt\u00e4kirja ylim\u00e4\u00e4r\u00e4inen kokous Esityslista ylim\u00e4\u00e4r\u00e4inen kokous Talvikokous 2024 P\u00f6yt\u00e4kirja Kes\u00e4kokous 2023 P\u00f6yt\u00e4kirja Aluetunnus 23\/24 Seuran pienriista aluetunnus 8JHTFW9TLK S\u00e4\u00e4nn\u00f6t Mets\u00e4stysseuran p\u00f6yt\u00e4kirja 13.8.2022","og_url":"https:\/\/www.xn--pelttarinseudunmetsstysseura-onc.fi\/?page_id=79","og_site_name":"Pelttarinseudun mets&auml;stysseura RY","article_modified_time":"2025-08-03T10:34:25+00:00","twitter_card":"summary_large_image","schema":{"@context":"https:\/\/schema.org","@graph":[{"@type":"WebPage","@id":"https:\/\/www.xn--pelttarinseudunmetsstysseura-onc.fi\/?page_id=79","url":"https:\/\/www.xn--pelttarinseudunmetsstysseura-onc.fi\/?page_id=79","name":"Asiakirjat | Pelttarinseudun mets&auml;stysseura RY","isPartOf":{"@id":"https:\/\/www.xn--pelttarinseudunmetsstysseura-onc.fi\/#website"},"datePublished":"2023-03-28T14:54:15+00:00","dateModified":"2025-08-03T10:34:25+00:00","breadcrumb":{"@id":"https:\/\/www.xn--pelttarinseudunmetsstysseura-onc.fi\/?page_id=79#breadcrumb"},"inLanguage":"fi","potentialAction":[{"@type":"ReadAction","target":["https:\/\/www.xn--pelttarinseudunmetsstysseura-onc.fi\/?page_id=79"]}]},{"@type":"BreadcrumbList","@id":"https:\/\/www.xn--pelttarinseudunmetsstysseura-onc.fi\/?page_id=79#breadcrumb","itemListElement":[{"@type":"ListItem","position":1,"name":"Etusivu","item":"https:\/\/www.xn--pelttarinseudunmetsstysseura-onc.fi\/"},{"@type":"ListItem","position":2,"name":"Asiakirjat"}]},{"@type":"WebSite","@id":"https:\/\/www.xn--pelttarinseudunmetsstysseura-onc.fi\/#website","url":"https:\/\/www.xn--pelttarinseudunmetsstysseura-onc.fi\/","name":"Pelttarinseudun mets&auml;stysseura RY","description":"","publisher":{"@id":"https:\/\/www.xn--pelttarinseudunmetsstysseura-onc.fi\/#organization"},"alternateName":"pelttarinseudunmetsastysseura","potentialAction":[{"@type":"SearchAction","target":{"@type":"EntryPoint","urlTemplate":"https:\/\/www.xn--pelttarinseudunmetsstysseura-onc.fi\/?s={search_term_string}"},"query-input":{"@type":"PropertyValueSpecification","valueRequired":true,"valueName":"search_term_string"}}],"inLanguage":"fi"},{"@type":"Organization","@id":"https:\/\/www.xn--pelttarinseudunmetsstysseura-onc.fi\/#organization","name":"Pelttarinseudun mets\u00e4stysseura Ry","url":"https:\/\/www.xn--pelttarinseudunmetsstysseura-onc.fi\/","logo":{"@type":"ImageObject","inLanguage":"fi","@id":"https:\/\/www.xn--pelttarinseudunmetsstysseura-onc.fi\/#\/schema\/logo\/image\/","url":"https:\/\/www.xn--pelttarinseudunmetsstysseura-onc.fi\/wp-content\/uploads\/2023\/03\/cropped-cropped-cropped-cropped-rhy.png","contentUrl":"https:\/\/www.xn--pelttarinseudunmetsstysseura-onc.fi\/wp-content\/uploads\/2023\/03\/cropped-cropped-cropped-cropped-rhy.png","width":210,"height":161,"caption":"Pelttarinseudun mets\u00e4stysseura Ry"},"image":{"@id":"https:\/\/www.xn--pelttarinseudunmetsstysseura-onc.fi\/#\/schema\/logo\/image\/"}}]}},"_links":{"self":[{"href":"https:\/\/www.xn--pelttarinseudunmetsstysseura-onc.fi\/index.php?rest_route=\/wp\/v2\/pages\/79","targetHints":{"allow":["GET"]}}],"collection":[{"href":"https:\/\/www.xn--pelttarinseudunmetsstysseura-onc.fi\/index.php?rest_route=\/wp\/v2\/pages"}],"about":[{"href":"https:\/\/www.xn--pelttarinseudunmetsstysseura-onc.fi\/index.php?rest_route=\/wp\/v2\/types\/page"}],"author":[{"embeddable":true,"href":"https:\/\/www.xn--pelttarinseudunmetsstysseura-onc.fi\/index.php?rest_route=\/wp\/v2\/users\/1"}],"replies":[{"embeddable":true,"href":"https:\/\/www.xn--pelttarinseudunmetsstysseura-onc.fi\/index.php?rest_route=%2Fwp%2Fv2%2Fcomments&post=79"}],"version-history":[{"count":40,"href":"https:\/\/www.xn--pelttarinseudunmetsstysseura-onc.fi\/index.php?rest_route=\/wp\/v2\/pages\/79\/revisions"}],"predecessor-version":[{"id":545,"href":"https:\/\/www.xn--pelttarinseudunmetsstysseura-onc.fi\/index.php?rest_route=\/wp\/v2\/pages\/79\/revisions\/545"}],"wp:attachment":[{"href":"https:\/\/www.xn--pelttarinseudunmetsstysseura-onc.fi\/index.php?rest_route=%2Fwp%2Fv2%2Fmedia&parent=79"}],"curies":[{"name":"wp","href":"https:\/\/api.w.org\/{rel}","templated":true}]}}