{"id":75,"date":"2023-03-28T14:36:12","date_gmt":"2023-03-28T14:36:12","guid":{"rendered":"https:\/\/www.xn--pelttarinseudunmetsstysseura-onc.fi\/?page_id=75"},"modified":"2026-02-13T15:55:44","modified_gmt":"2026-02-13T15:55:44","slug":"yhteystiedot-2","status":"publish","type":"page","link":"https:\/\/www.xn--pelttarinseudunmetsstysseura-onc.fi\/?page_id=75","title":{"rendered":"Yhteystiedot"},"content":{"rendered":"\n<div class=\"wp-block-group has-medium-font-size is-vertical is-content-justification-left is-layout-flex wp-container-core-group-is-layout-c0ca7d81 wp-block-group-is-layout-flex\">\n<h2 class=\"wp-block-heading\"><mark style=\"background-color:rgba(0, 0, 0, 0)\" class=\"has-inline-color has-black-color\">Perustiedot yhdistysrekisteriss\u00e4:<\/mark><\/h2>\n\n\n\n<p class=\"has-vivid-red-color has-text-color has-medium-font-size\"><a href=\"https:\/\/yhdistysrekisteri.prh.fi\/basicinformation?businessId=0717068-6&amp;timeZone=Europe\/Helsinki#fromAdvancedSearch\" target=\"_blank\" rel=\"noreferrer noopener\"><strong>Pelttarinseudun mets\u00e4stysseura ry. perustiedot<\/strong><\/a><\/p>\n<\/div>\n\n\n\n<hr class=\"wp-block-separator has-text-color has-black-color has-alpha-channel-opacity has-black-background-color has-background is-style-default\"\/>\n\n\n\n<div class=\"wp-block-group has-medium-font-size is-vertical is-layout-flex wp-container-core-group-is-layout-8cf370e7 wp-block-group-is-layout-flex\">\n<h2 class=\"wp-block-heading\">Puheenjohtaja:<\/h2>\n\n\n\n<p>Tiina Honkanen: 040 0727492<\/p>\n\n\n\n<p>S\u00e4hk\u00f6posti: <a href=\"mailto:tiinalehtola@gmail.com\" target=\"_blank\" rel=\"noreferrer noopener\">tiinalehtola@gmail.com<\/a><\/p>\n<\/div>\n\n\n\n<hr class=\"wp-block-separator has-text-color has-black-color has-alpha-channel-opacity has-black-background-color has-background\"\/>\n\n\n\n<div class=\"wp-block-group has-medium-font-size is-vertical is-layout-flex wp-container-core-group-is-layout-8cf370e7 wp-block-group-is-layout-flex\">\n<h2 class=\"wp-block-heading\">Varapuheenjohtaja:<\/h2>\n\n\n\n<p class=\"has-medium-font-size\">Juurikka Mikko: 040 0912371<\/p>\n\n\n\n<p class=\"has-medium-font-size\">S\u00e4hk\u00f6posti: <a href=\"mailto:juurikkamikko97@gmail.com\" target=\"_blank\" rel=\"noreferrer noopener\">juurikkamikko97@gmail.com<\/a><\/p>\n<\/div>\n\n\n\n<hr class=\"wp-block-separator has-text-color has-black-color has-alpha-channel-opacity has-black-background-color has-background\"\/>\n\n\n\n<div class=\"wp-block-group has-medium-font-size is-vertical is-layout-flex wp-container-core-group-is-layout-8cf370e7 wp-block-group-is-layout-flex\">\n<h2 class=\"wp-block-heading\">Sihteeri\/rahastonhoitaja:<\/h2>\n\n\n\n<p>Kurttila Jenni: 040 6577842<\/p>\n\n\n\n<p>S\u00e4hk\u00f6posti: <a href=\"mailto:Jenni.kurttila@gmail.com\">pelttarinseudunmetsastysseura@gmail.com<\/a><\/p>\n<\/div>\n\n\n\n<hr class=\"wp-block-separator has-text-color has-black-color has-alpha-channel-opacity has-black-background-color has-background\"\/>\n\n\n\n<div class=\"wp-block-group is-vertical is-layout-flex wp-container-core-group-is-layout-8cf370e7 wp-block-group-is-layout-flex\">\n<h2 class=\"wp-block-heading\" style=\"font-size:25px\">Hirviporukan johtaja<\/h2>\n\n\n\n<p class=\"has-medium-font-size\">Juurikka Mikko: 040 0912371<\/p>\n\n\n\n<p class=\"has-medium-font-size\">S\u00e4hk\u00f6posti: <a href=\"mailto:juurikkamikko97@gmail.com\" target=\"_blank\" rel=\"noreferrer noopener\">juurikkamikko97@gmail.com<\/a><\/p>\n<\/div>\n\n\n\n<hr class=\"wp-block-separator has-text-color has-black-color has-alpha-channel-opacity has-black-background-color has-background is-style-default\"\/>\n\n\n\n<p><\/p>\n","protected":false},"excerpt":{"rendered":"<p>Perustiedot yhdistysrekisteriss\u00e4: Pelttarinseudun mets\u00e4stysseura ry. perustiedot Puheenjohtaja: Tiina Honkanen: 040 0727492 S\u00e4hk\u00f6posti: tiinalehtola@gmail.com Varapuheenjohtaja: Juurikka Mikko: 040 0912371 S\u00e4hk\u00f6posti: juurikkamikko97@gmail.com Sihteeri\/rahastonhoitaja: Kurttila Jenni: 040 6577842 S\u00e4hk\u00f6posti: pelttarinseudunmetsastysseura@gmail.com Hirviporukan johtaja Juurikka Mikko: 040 0912371 S\u00e4hk\u00f6posti: juurikkamikko97@gmail.com<\/p>\n","protected":false},"author":1,"featured_media":0,"parent":0,"menu_order":0,"comment_status":"closed","ping_status":"closed","template":"","meta":{"footnotes":""},"class_list":["post-75","page","type-page","status-publish","czr-hentry"],"yoast_head":"<!-- This site is optimized with the Yoast SEO plugin v26.7 - https:\/\/yoast.com\/wordpress\/plugins\/seo\/ -->\n<title>Yhteystiedot | Pelttarinseudun mets&auml;stysseura RY<\/title>\n<meta name=\"robots\" content=\"index, follow, max-snippet:-1, max-image-preview:large, max-video-preview:-1\" \/>\n<link rel=\"canonical\" href=\"https:\/\/www.xn--pelttarinseudunmetsstysseura-onc.fi\/?page_id=75\" \/>\n<meta property=\"og:locale\" content=\"fi_FI\" \/>\n<meta property=\"og:type\" content=\"article\" \/>\n<meta property=\"og:title\" content=\"Yhteystiedot | Pelttarinseudun mets&auml;stysseura RY\" \/>\n<meta property=\"og:description\" content=\"Perustiedot yhdistysrekisteriss\u00e4: Pelttarinseudun mets\u00e4stysseura ry. perustiedot Puheenjohtaja: Tiina Honkanen: 040 0727492 S\u00e4hk\u00f6posti: tiinalehtola@gmail.com Varapuheenjohtaja: Juurikka Mikko: 040 0912371 S\u00e4hk\u00f6posti: juurikkamikko97@gmail.com Sihteeri\/rahastonhoitaja: Kurttila Jenni: 040 6577842 S\u00e4hk\u00f6posti: pelttarinseudunmetsastysseura@gmail.com Hirviporukan johtaja Juurikka Mikko: 040 0912371 S\u00e4hk\u00f6posti: juurikkamikko97@gmail.com\" \/>\n<meta property=\"og:url\" content=\"https:\/\/www.xn--pelttarinseudunmetsstysseura-onc.fi\/?page_id=75\" \/>\n<meta property=\"og:site_name\" content=\"Pelttarinseudun mets&auml;stysseura RY\" \/>\n<meta property=\"article:modified_time\" content=\"2026-02-13T15:55:44+00:00\" \/>\n<meta name=\"twitter:card\" content=\"summary_large_image\" \/>\n<script type=\"application\/ld+json\" class=\"yoast-schema-graph\">{\"@context\":\"https:\/\/schema.org\",\"@graph\":[{\"@type\":\"WebPage\",\"@id\":\"https:\/\/www.xn--pelttarinseudunmetsstysseura-onc.fi\/?page_id=75\",\"url\":\"https:\/\/www.xn--pelttarinseudunmetsstysseura-onc.fi\/?page_id=75\",\"name\":\"Yhteystiedot | Pelttarinseudun mets&auml;stysseura RY\",\"isPartOf\":{\"@id\":\"https:\/\/www.xn--pelttarinseudunmetsstysseura-onc.fi\/#website\"},\"datePublished\":\"2023-03-28T14:36:12+00:00\",\"dateModified\":\"2026-02-13T15:55:44+00:00\",\"breadcrumb\":{\"@id\":\"https:\/\/www.xn--pelttarinseudunmetsstysseura-onc.fi\/?page_id=75#breadcrumb\"},\"inLanguage\":\"fi\",\"potentialAction\":[{\"@type\":\"ReadAction\",\"target\":[\"https:\/\/www.xn--pelttarinseudunmetsstysseura-onc.fi\/?page_id=75\"]}]},{\"@type\":\"BreadcrumbList\",\"@id\":\"https:\/\/www.xn--pelttarinseudunmetsstysseura-onc.fi\/?page_id=75#breadcrumb\",\"itemListElement\":[{\"@type\":\"ListItem\",\"position\":1,\"name\":\"Etusivu\",\"item\":\"https:\/\/www.xn--pelttarinseudunmetsstysseura-onc.fi\/\"},{\"@type\":\"ListItem\",\"position\":2,\"name\":\"Yhteystiedot\"}]},{\"@type\":\"WebSite\",\"@id\":\"https:\/\/www.xn--pelttarinseudunmetsstysseura-onc.fi\/#website\",\"url\":\"https:\/\/www.xn--pelttarinseudunmetsstysseura-onc.fi\/\",\"name\":\"Pelttarinseudun mets&auml;stysseura RY\",\"description\":\"\",\"publisher\":{\"@id\":\"https:\/\/www.xn--pelttarinseudunmetsstysseura-onc.fi\/#organization\"},\"alternateName\":\"pelttarinseudunmetsastysseura\",\"potentialAction\":[{\"@type\":\"SearchAction\",\"target\":{\"@type\":\"EntryPoint\",\"urlTemplate\":\"https:\/\/www.xn--pelttarinseudunmetsstysseura-onc.fi\/?s={search_term_string}\"},\"query-input\":{\"@type\":\"PropertyValueSpecification\",\"valueRequired\":true,\"valueName\":\"search_term_string\"}}],\"inLanguage\":\"fi\"},{\"@type\":\"Organization\",\"@id\":\"https:\/\/www.xn--pelttarinseudunmetsstysseura-onc.fi\/#organization\",\"name\":\"Pelttarinseudun mets\u00e4stysseura Ry\",\"url\":\"https:\/\/www.xn--pelttarinseudunmetsstysseura-onc.fi\/\",\"logo\":{\"@type\":\"ImageObject\",\"inLanguage\":\"fi\",\"@id\":\"https:\/\/www.xn--pelttarinseudunmetsstysseura-onc.fi\/#\/schema\/logo\/image\/\",\"url\":\"https:\/\/www.xn--pelttarinseudunmetsstysseura-onc.fi\/wp-content\/uploads\/2023\/03\/cropped-cropped-cropped-cropped-rhy.png\",\"contentUrl\":\"https:\/\/www.xn--pelttarinseudunmetsstysseura-onc.fi\/wp-content\/uploads\/2023\/03\/cropped-cropped-cropped-cropped-rhy.png\",\"width\":210,\"height\":161,\"caption\":\"Pelttarinseudun mets\u00e4stysseura Ry\"},\"image\":{\"@id\":\"https:\/\/www.xn--pelttarinseudunmetsstysseura-onc.fi\/#\/schema\/logo\/image\/\"}}]}<\/script>\n<!-- \/ Yoast SEO plugin. -->","yoast_head_json":{"title":"Yhteystiedot | Pelttarinseudun mets&auml;stysseura RY","robots":{"index":"index","follow":"follow","max-snippet":"max-snippet:-1","max-image-preview":"max-image-preview:large","max-video-preview":"max-video-preview:-1"},"canonical":"https:\/\/www.xn--pelttarinseudunmetsstysseura-onc.fi\/?page_id=75","og_locale":"fi_FI","og_type":"article","og_title":"Yhteystiedot | Pelttarinseudun mets&auml;stysseura RY","og_description":"Perustiedot yhdistysrekisteriss\u00e4: Pelttarinseudun mets\u00e4stysseura ry. perustiedot Puheenjohtaja: Tiina Honkanen: 040 0727492 S\u00e4hk\u00f6posti: tiinalehtola@gmail.com Varapuheenjohtaja: Juurikka Mikko: 040 0912371 S\u00e4hk\u00f6posti: juurikkamikko97@gmail.com Sihteeri\/rahastonhoitaja: Kurttila Jenni: 040 6577842 S\u00e4hk\u00f6posti: pelttarinseudunmetsastysseura@gmail.com Hirviporukan johtaja Juurikka Mikko: 040 0912371 S\u00e4hk\u00f6posti: juurikkamikko97@gmail.com","og_url":"https:\/\/www.xn--pelttarinseudunmetsstysseura-onc.fi\/?page_id=75","og_site_name":"Pelttarinseudun mets&auml;stysseura RY","article_modified_time":"2026-02-13T15:55:44+00:00","twitter_card":"summary_large_image","schema":{"@context":"https:\/\/schema.org","@graph":[{"@type":"WebPage","@id":"https:\/\/www.xn--pelttarinseudunmetsstysseura-onc.fi\/?page_id=75","url":"https:\/\/www.xn--pelttarinseudunmetsstysseura-onc.fi\/?page_id=75","name":"Yhteystiedot | Pelttarinseudun mets&auml;stysseura RY","isPartOf":{"@id":"https:\/\/www.xn--pelttarinseudunmetsstysseura-onc.fi\/#website"},"datePublished":"2023-03-28T14:36:12+00:00","dateModified":"2026-02-13T15:55:44+00:00","breadcrumb":{"@id":"https:\/\/www.xn--pelttarinseudunmetsstysseura-onc.fi\/?page_id=75#breadcrumb"},"inLanguage":"fi","potentialAction":[{"@type":"ReadAction","target":["https:\/\/www.xn--pelttarinseudunmetsstysseura-onc.fi\/?page_id=75"]}]},{"@type":"BreadcrumbList","@id":"https:\/\/www.xn--pelttarinseudunmetsstysseura-onc.fi\/?page_id=75#breadcrumb","itemListElement":[{"@type":"ListItem","position":1,"name":"Etusivu","item":"https:\/\/www.xn--pelttarinseudunmetsstysseura-onc.fi\/"},{"@type":"ListItem","position":2,"name":"Yhteystiedot"}]},{"@type":"WebSite","@id":"https:\/\/www.xn--pelttarinseudunmetsstysseura-onc.fi\/#website","url":"https:\/\/www.xn--pelttarinseudunmetsstysseura-onc.fi\/","name":"Pelttarinseudun mets&auml;stysseura RY","description":"","publisher":{"@id":"https:\/\/www.xn--pelttarinseudunmetsstysseura-onc.fi\/#organization"},"alternateName":"pelttarinseudunmetsastysseura","potentialAction":[{"@type":"SearchAction","target":{"@type":"EntryPoint","urlTemplate":"https:\/\/www.xn--pelttarinseudunmetsstysseura-onc.fi\/?s={search_term_string}"},"query-input":{"@type":"PropertyValueSpecification","valueRequired":true,"valueName":"search_term_string"}}],"inLanguage":"fi"},{"@type":"Organization","@id":"https:\/\/www.xn--pelttarinseudunmetsstysseura-onc.fi\/#organization","name":"Pelttarinseudun mets\u00e4stysseura Ry","url":"https:\/\/www.xn--pelttarinseudunmetsstysseura-onc.fi\/","logo":{"@type":"ImageObject","inLanguage":"fi","@id":"https:\/\/www.xn--pelttarinseudunmetsstysseura-onc.fi\/#\/schema\/logo\/image\/","url":"https:\/\/www.xn--pelttarinseudunmetsstysseura-onc.fi\/wp-content\/uploads\/2023\/03\/cropped-cropped-cropped-cropped-rhy.png","contentUrl":"https:\/\/www.xn--pelttarinseudunmetsstysseura-onc.fi\/wp-content\/uploads\/2023\/03\/cropped-cropped-cropped-cropped-rhy.png","width":210,"height":161,"caption":"Pelttarinseudun mets\u00e4stysseura Ry"},"image":{"@id":"https:\/\/www.xn--pelttarinseudunmetsstysseura-onc.fi\/#\/schema\/logo\/image\/"}}]}},"_links":{"self":[{"href":"https:\/\/www.xn--pelttarinseudunmetsstysseura-onc.fi\/index.php?rest_route=\/wp\/v2\/pages\/75","targetHints":{"allow":["GET"]}}],"collection":[{"href":"https:\/\/www.xn--pelttarinseudunmetsstysseura-onc.fi\/index.php?rest_route=\/wp\/v2\/pages"}],"about":[{"href":"https:\/\/www.xn--pelttarinseudunmetsstysseura-onc.fi\/index.php?rest_route=\/wp\/v2\/types\/page"}],"author":[{"embeddable":true,"href":"https:\/\/www.xn--pelttarinseudunmetsstysseura-onc.fi\/index.php?rest_route=\/wp\/v2\/users\/1"}],"replies":[{"embeddable":true,"href":"https:\/\/www.xn--pelttarinseudunmetsstysseura-onc.fi\/index.php?rest_route=%2Fwp%2Fv2%2Fcomments&post=75"}],"version-history":[{"count":63,"href":"https:\/\/www.xn--pelttarinseudunmetsstysseura-onc.fi\/index.php?rest_route=\/wp\/v2\/pages\/75\/revisions"}],"predecessor-version":[{"id":560,"href":"https:\/\/www.xn--pelttarinseudunmetsstysseura-onc.fi\/index.php?rest_route=\/wp\/v2\/pages\/75\/revisions\/560"}],"wp:attachment":[{"href":"https:\/\/www.xn--pelttarinseudunmetsstysseura-onc.fi\/index.php?rest_route=%2Fwp%2Fv2%2Fmedia&parent=75"}],"curies":[{"name":"wp","href":"https:\/\/api.w.org\/{rel}","templated":true}]}}