{"id":62,"date":"2023-03-28T14:22:17","date_gmt":"2023-03-28T14:22:17","guid":{"rendered":"https:\/\/www.xn--pelttarinseudunmetsstysseura-onc.fi\/?page_id=62"},"modified":"2025-08-02T15:07:16","modified_gmt":"2025-08-02T15:07:16","slug":"vierasluvat","status":"publish","type":"page","link":"https:\/\/www.xn--pelttarinseudunmetsstysseura-onc.fi\/?page_id=62","title":{"rendered":"Vierasluvat"},"content":{"rendered":"\n<h2 class=\"wp-block-heading\">Vieraslupien hinnasto<\/h2>\n\n\n\n<h2 class=\"wp-block-heading\">HOX!<\/h2>\n\n\n\n<p>Pienriista ei pid\u00e4 sis\u00e4ll\u00e4\u00e4n mets\u00e4kanalintuja.<\/p>\n\n\n\n<h2 class=\"wp-block-heading\">HOX!<\/h2>\n\n\n\n<p>Mets\u00e4kanalinnuille ei myyd\u00e4 vieraslupia heikon mets\u00e4kanalintukannan vuoksi<\/p>\n\n\n\n<figure class=\"wp-block-table is-style-regular has-medium-font-size\"><table class=\"has-white-background-color has-background\"><tbody><tr><td>Pienriista<\/td><td>10\u20ac\/Pv<\/td><td>30\u20ac\/Vko<\/td><td>60\u20ac\/Kausi<\/td><\/tr><tr><td>Vesilinnut<\/td><td>10\u20ac\/Pv<\/td><td>20\/Vko<\/td><td>40\u20ac\/Kausi<\/td><\/tr><\/tbody><\/table><\/figure>\n\n\n\n<p class=\"has-medium-font-size\">Seuran j\u00e4sen voi vied\u00e4 kerrallaan kaksi(2) vierasluvan maksanutta henkil\u00f6\u00e4 mets\u00e4lle seuran alueella.<\/p>\n\n\n\n<p class=\"has-medium-font-size\">Vierasmaksun voi maksaa pankkiin seuran tilille ja pyydett\u00e4ess\u00e4 esitett\u00e4v\u00e4 tosite.<\/p>\n\n\n\n<p class=\"has-medium-font-size\">Maksun yhteydess\u00e4 viestikentt\u00e4\u00e4n vieraslupalaji, kesto ja seuran j\u00e4sen jonka vieraana on.<\/p>\n\n\n\n<h3 class=\"wp-block-heading\">Tilin tiedot:<\/h3>\n\n\n\n<p class=\"has-medium-font-size\">Pelttarinseudun mets\u00e4stysseura<\/p>\n\n\n\n<p class=\"has-medium-font-size\">FI84 5360 0450 2122 98<\/p>\n","protected":false},"excerpt":{"rendered":"<p>Vieraslupien hinnasto HOX! Pienriista ei pid\u00e4 sis\u00e4ll\u00e4\u00e4n mets\u00e4kanalintuja. HOX! Mets\u00e4kanalinnuille ei myyd\u00e4 vieraslupia heikon mets\u00e4kanalintukannan vuoksi Pienriista 10\u20ac\/Pv 30\u20ac\/Vko 60\u20ac\/Kausi Vesilinnut 10\u20ac\/Pv 20\/Vko 40\u20ac\/Kausi Seuran j\u00e4sen voi vied\u00e4 kerrallaan kaksi(2) vierasluvan maksanutta henkil\u00f6\u00e4 mets\u00e4lle seuran alueella. Vierasmaksun voi maksaa pankkiin seuran tilille ja pyydett\u00e4ess\u00e4 esitett\u00e4v\u00e4 tosite. Maksun yhteydess\u00e4 viestikentt\u00e4\u00e4n vieraslupalaji, kesto ja seuran j\u00e4sen jonka [&hellip;]<\/p>\n","protected":false},"author":1,"featured_media":0,"parent":0,"menu_order":0,"comment_status":"closed","ping_status":"closed","template":"","meta":{"footnotes":""},"class_list":["post-62","page","type-page","status-publish","czr-hentry"],"yoast_head":"<!-- This site is optimized with the Yoast SEO plugin v26.7 - https:\/\/yoast.com\/wordpress\/plugins\/seo\/ -->\n<title>Vierasluvat | Pelttarinseudun mets&auml;stysseura RY<\/title>\n<meta name=\"robots\" content=\"index, follow, max-snippet:-1, max-image-preview:large, max-video-preview:-1\" \/>\n<link rel=\"canonical\" href=\"https:\/\/www.xn--pelttarinseudunmetsstysseura-onc.fi\/?page_id=62\" \/>\n<meta property=\"og:locale\" content=\"fi_FI\" \/>\n<meta property=\"og:type\" content=\"article\" \/>\n<meta property=\"og:title\" content=\"Vierasluvat | Pelttarinseudun mets&auml;stysseura RY\" \/>\n<meta property=\"og:description\" content=\"Vieraslupien hinnasto HOX! Pienriista ei pid\u00e4 sis\u00e4ll\u00e4\u00e4n mets\u00e4kanalintuja. HOX! Mets\u00e4kanalinnuille ei myyd\u00e4 vieraslupia heikon mets\u00e4kanalintukannan vuoksi Pienriista 10\u20ac\/Pv 30\u20ac\/Vko 60\u20ac\/Kausi Vesilinnut 10\u20ac\/Pv 20\/Vko 40\u20ac\/Kausi Seuran j\u00e4sen voi vied\u00e4 kerrallaan kaksi(2) vierasluvan maksanutta henkil\u00f6\u00e4 mets\u00e4lle seuran alueella. Vierasmaksun voi maksaa pankkiin seuran tilille ja pyydett\u00e4ess\u00e4 esitett\u00e4v\u00e4 tosite. Maksun yhteydess\u00e4 viestikentt\u00e4\u00e4n vieraslupalaji, kesto ja seuran j\u00e4sen jonka [&hellip;]\" \/>\n<meta property=\"og:url\" content=\"https:\/\/www.xn--pelttarinseudunmetsstysseura-onc.fi\/?page_id=62\" \/>\n<meta property=\"og:site_name\" content=\"Pelttarinseudun mets&auml;stysseura RY\" \/>\n<meta property=\"article:modified_time\" content=\"2025-08-02T15:07:16+00:00\" \/>\n<meta name=\"twitter:card\" content=\"summary_large_image\" \/>\n<script type=\"application\/ld+json\" class=\"yoast-schema-graph\">{\"@context\":\"https:\/\/schema.org\",\"@graph\":[{\"@type\":\"WebPage\",\"@id\":\"https:\/\/www.xn--pelttarinseudunmetsstysseura-onc.fi\/?page_id=62\",\"url\":\"https:\/\/www.xn--pelttarinseudunmetsstysseura-onc.fi\/?page_id=62\",\"name\":\"Vierasluvat | Pelttarinseudun mets&auml;stysseura RY\",\"isPartOf\":{\"@id\":\"https:\/\/www.xn--pelttarinseudunmetsstysseura-onc.fi\/#website\"},\"datePublished\":\"2023-03-28T14:22:17+00:00\",\"dateModified\":\"2025-08-02T15:07:16+00:00\",\"breadcrumb\":{\"@id\":\"https:\/\/www.xn--pelttarinseudunmetsstysseura-onc.fi\/?page_id=62#breadcrumb\"},\"inLanguage\":\"fi\",\"potentialAction\":[{\"@type\":\"ReadAction\",\"target\":[\"https:\/\/www.xn--pelttarinseudunmetsstysseura-onc.fi\/?page_id=62\"]}]},{\"@type\":\"BreadcrumbList\",\"@id\":\"https:\/\/www.xn--pelttarinseudunmetsstysseura-onc.fi\/?page_id=62#breadcrumb\",\"itemListElement\":[{\"@type\":\"ListItem\",\"position\":1,\"name\":\"Etusivu\",\"item\":\"https:\/\/www.xn--pelttarinseudunmetsstysseura-onc.fi\/\"},{\"@type\":\"ListItem\",\"position\":2,\"name\":\"Vierasluvat\"}]},{\"@type\":\"WebSite\",\"@id\":\"https:\/\/www.xn--pelttarinseudunmetsstysseura-onc.fi\/#website\",\"url\":\"https:\/\/www.xn--pelttarinseudunmetsstysseura-onc.fi\/\",\"name\":\"Pelttarinseudun mets&auml;stysseura RY\",\"description\":\"\",\"publisher\":{\"@id\":\"https:\/\/www.xn--pelttarinseudunmetsstysseura-onc.fi\/#organization\"},\"alternateName\":\"pelttarinseudunmetsastysseura\",\"potentialAction\":[{\"@type\":\"SearchAction\",\"target\":{\"@type\":\"EntryPoint\",\"urlTemplate\":\"https:\/\/www.xn--pelttarinseudunmetsstysseura-onc.fi\/?s={search_term_string}\"},\"query-input\":{\"@type\":\"PropertyValueSpecification\",\"valueRequired\":true,\"valueName\":\"search_term_string\"}}],\"inLanguage\":\"fi\"},{\"@type\":\"Organization\",\"@id\":\"https:\/\/www.xn--pelttarinseudunmetsstysseura-onc.fi\/#organization\",\"name\":\"Pelttarinseudun mets\u00e4stysseura Ry\",\"url\":\"https:\/\/www.xn--pelttarinseudunmetsstysseura-onc.fi\/\",\"logo\":{\"@type\":\"ImageObject\",\"inLanguage\":\"fi\",\"@id\":\"https:\/\/www.xn--pelttarinseudunmetsstysseura-onc.fi\/#\/schema\/logo\/image\/\",\"url\":\"https:\/\/www.xn--pelttarinseudunmetsstysseura-onc.fi\/wp-content\/uploads\/2023\/03\/cropped-cropped-cropped-cropped-rhy.png\",\"contentUrl\":\"https:\/\/www.xn--pelttarinseudunmetsstysseura-onc.fi\/wp-content\/uploads\/2023\/03\/cropped-cropped-cropped-cropped-rhy.png\",\"width\":210,\"height\":161,\"caption\":\"Pelttarinseudun mets\u00e4stysseura Ry\"},\"image\":{\"@id\":\"https:\/\/www.xn--pelttarinseudunmetsstysseura-onc.fi\/#\/schema\/logo\/image\/\"}}]}<\/script>\n<!-- \/ Yoast SEO plugin. -->","yoast_head_json":{"title":"Vierasluvat | Pelttarinseudun mets&auml;stysseura RY","robots":{"index":"index","follow":"follow","max-snippet":"max-snippet:-1","max-image-preview":"max-image-preview:large","max-video-preview":"max-video-preview:-1"},"canonical":"https:\/\/www.xn--pelttarinseudunmetsstysseura-onc.fi\/?page_id=62","og_locale":"fi_FI","og_type":"article","og_title":"Vierasluvat | Pelttarinseudun mets&auml;stysseura RY","og_description":"Vieraslupien hinnasto HOX! Pienriista ei pid\u00e4 sis\u00e4ll\u00e4\u00e4n mets\u00e4kanalintuja. HOX! Mets\u00e4kanalinnuille ei myyd\u00e4 vieraslupia heikon mets\u00e4kanalintukannan vuoksi Pienriista 10\u20ac\/Pv 30\u20ac\/Vko 60\u20ac\/Kausi Vesilinnut 10\u20ac\/Pv 20\/Vko 40\u20ac\/Kausi Seuran j\u00e4sen voi vied\u00e4 kerrallaan kaksi(2) vierasluvan maksanutta henkil\u00f6\u00e4 mets\u00e4lle seuran alueella. Vierasmaksun voi maksaa pankkiin seuran tilille ja pyydett\u00e4ess\u00e4 esitett\u00e4v\u00e4 tosite. Maksun yhteydess\u00e4 viestikentt\u00e4\u00e4n vieraslupalaji, kesto ja seuran j\u00e4sen jonka [&hellip;]","og_url":"https:\/\/www.xn--pelttarinseudunmetsstysseura-onc.fi\/?page_id=62","og_site_name":"Pelttarinseudun mets&auml;stysseura RY","article_modified_time":"2025-08-02T15:07:16+00:00","twitter_card":"summary_large_image","schema":{"@context":"https:\/\/schema.org","@graph":[{"@type":"WebPage","@id":"https:\/\/www.xn--pelttarinseudunmetsstysseura-onc.fi\/?page_id=62","url":"https:\/\/www.xn--pelttarinseudunmetsstysseura-onc.fi\/?page_id=62","name":"Vierasluvat | Pelttarinseudun mets&auml;stysseura RY","isPartOf":{"@id":"https:\/\/www.xn--pelttarinseudunmetsstysseura-onc.fi\/#website"},"datePublished":"2023-03-28T14:22:17+00:00","dateModified":"2025-08-02T15:07:16+00:00","breadcrumb":{"@id":"https:\/\/www.xn--pelttarinseudunmetsstysseura-onc.fi\/?page_id=62#breadcrumb"},"inLanguage":"fi","potentialAction":[{"@type":"ReadAction","target":["https:\/\/www.xn--pelttarinseudunmetsstysseura-onc.fi\/?page_id=62"]}]},{"@type":"BreadcrumbList","@id":"https:\/\/www.xn--pelttarinseudunmetsstysseura-onc.fi\/?page_id=62#breadcrumb","itemListElement":[{"@type":"ListItem","position":1,"name":"Etusivu","item":"https:\/\/www.xn--pelttarinseudunmetsstysseura-onc.fi\/"},{"@type":"ListItem","position":2,"name":"Vierasluvat"}]},{"@type":"WebSite","@id":"https:\/\/www.xn--pelttarinseudunmetsstysseura-onc.fi\/#website","url":"https:\/\/www.xn--pelttarinseudunmetsstysseura-onc.fi\/","name":"Pelttarinseudun mets&auml;stysseura RY","description":"","publisher":{"@id":"https:\/\/www.xn--pelttarinseudunmetsstysseura-onc.fi\/#organization"},"alternateName":"pelttarinseudunmetsastysseura","potentialAction":[{"@type":"SearchAction","target":{"@type":"EntryPoint","urlTemplate":"https:\/\/www.xn--pelttarinseudunmetsstysseura-onc.fi\/?s={search_term_string}"},"query-input":{"@type":"PropertyValueSpecification","valueRequired":true,"valueName":"search_term_string"}}],"inLanguage":"fi"},{"@type":"Organization","@id":"https:\/\/www.xn--pelttarinseudunmetsstysseura-onc.fi\/#organization","name":"Pelttarinseudun mets\u00e4stysseura Ry","url":"https:\/\/www.xn--pelttarinseudunmetsstysseura-onc.fi\/","logo":{"@type":"ImageObject","inLanguage":"fi","@id":"https:\/\/www.xn--pelttarinseudunmetsstysseura-onc.fi\/#\/schema\/logo\/image\/","url":"https:\/\/www.xn--pelttarinseudunmetsstysseura-onc.fi\/wp-content\/uploads\/2023\/03\/cropped-cropped-cropped-cropped-rhy.png","contentUrl":"https:\/\/www.xn--pelttarinseudunmetsstysseura-onc.fi\/wp-content\/uploads\/2023\/03\/cropped-cropped-cropped-cropped-rhy.png","width":210,"height":161,"caption":"Pelttarinseudun mets\u00e4stysseura Ry"},"image":{"@id":"https:\/\/www.xn--pelttarinseudunmetsstysseura-onc.fi\/#\/schema\/logo\/image\/"}}]}},"_links":{"self":[{"href":"https:\/\/www.xn--pelttarinseudunmetsstysseura-onc.fi\/index.php?rest_route=\/wp\/v2\/pages\/62","targetHints":{"allow":["GET"]}}],"collection":[{"href":"https:\/\/www.xn--pelttarinseudunmetsstysseura-onc.fi\/index.php?rest_route=\/wp\/v2\/pages"}],"about":[{"href":"https:\/\/www.xn--pelttarinseudunmetsstysseura-onc.fi\/index.php?rest_route=\/wp\/v2\/types\/page"}],"author":[{"embeddable":true,"href":"https:\/\/www.xn--pelttarinseudunmetsstysseura-onc.fi\/index.php?rest_route=\/wp\/v2\/users\/1"}],"replies":[{"embeddable":true,"href":"https:\/\/www.xn--pelttarinseudunmetsstysseura-onc.fi\/index.php?rest_route=%2Fwp%2Fv2%2Fcomments&post=62"}],"version-history":[{"count":22,"href":"https:\/\/www.xn--pelttarinseudunmetsstysseura-onc.fi\/index.php?rest_route=\/wp\/v2\/pages\/62\/revisions"}],"predecessor-version":[{"id":541,"href":"https:\/\/www.xn--pelttarinseudunmetsstysseura-onc.fi\/index.php?rest_route=\/wp\/v2\/pages\/62\/revisions\/541"}],"wp:attachment":[{"href":"https:\/\/www.xn--pelttarinseudunmetsstysseura-onc.fi\/index.php?rest_route=%2Fwp%2Fv2%2Fmedia&parent=62"}],"curies":[{"name":"wp","href":"https:\/\/api.w.org\/{rel}","templated":true}]}}