{"id":18,"date":"2023-03-28T13:58:01","date_gmt":"2023-03-28T13:58:01","guid":{"rendered":"https:\/\/www.xn--pelttarinseudunmetsstysseura-onc.fi\/?page_id=18"},"modified":"2026-01-31T07:26:54","modified_gmt":"2026-01-31T07:26:54","slug":"etusivu","status":"publish","type":"page","link":"https:\/\/www.xn--pelttarinseudunmetsstysseura-onc.fi\/","title":{"rendered":"Etusivu"},"content":{"rendered":"\n<h1 class=\"wp-block-heading\">AJANKOHTAISTA<\/h1>\n\n\n\n<h2 class=\"wp-block-heading\">Vuosikokous 07.02.2026<\/h2>\n\n\n\n<p>Vuosikokous mets\u00e4stysseuran majalla 7.2.2026 klo 12.00 Johtokunta kokoontuu klo 11.  Tervetuloa!<\/p>\n\n\n\n<p>Liity kokoukseen <a href=\"https:\/\/teams.live.com\/meet\/9378232226772?p=R1mfPGE2WfGMpSmRrO\" target=\"_blank\" rel=\"noreferrer noopener\">t\u00e4st\u00e4<\/a><\/p>\n\n\n\n<h2 class=\"wp-block-heading\">HOX<\/h2>\n\n\n\n<p>Pelttarinseudun mets\u00e4stysseura ry. <strong>Ei<\/strong> myy t\u00e4n\u00e4 vuonna vieraslupia mets\u00e4kanalinnuille heikon mets\u00e4lintukannan vuoksi.<\/p>\n\n\n\n<h2 class=\"wp-block-heading\">Kes\u00e4kokous 02.08<\/h2>\n\n\n\n<p>Kes\u00e4kokous pidet\u00e4\u00e4n seuran majalla 2.8.2025 klo 12.00. Johtokunta kokoontuu klo 11.00. Hirviasiat kokouksen j\u00e4lkeen<\/p>\n\n\n\n<p>Liity kokoukseen <a href=\"https:\/\/teams.live.com\/meet\/9369555667057?p=LHwSSHLBk1Qm6CPm7t\">t\u00e4st\u00e4<\/a><\/p>\n\n\n\n<h2 class=\"wp-block-heading\">J\u00e4senmaksu 2025<\/h2>\n\n\n\n<p>Seuran j\u00e4senmaksu pit\u00e4\u00e4 olla maksettuna kes\u00e4kuun loppuun menness\u00e4, j\u00e4senmaksu vuonna 2025 on 20euroa, viestikentt\u00e4\u00e4n nimi ja j\u00e4senmaksu 2025.  Maksu tilille FI84&nbsp;5360&nbsp;0450&nbsp;2122&nbsp;98<\/p>\n\n\n\n<h2 class=\"wp-block-heading\">Pelttarinseudun mets\u00e4stysseura ry:n VUOSIKOKOUS.<\/h2>\n\n\n\n<p>Mets\u00e4stysseuran majalla 1.2.2025 klo 12.00 Johtokunta kokoontuu klo 11. Esill\u00e4 s\u00e4\u00e4nt\u00f6m\u00e4\u00e4r\u00e4iset asiat ja s\u00e4\u00e4nt\u00f6jen muutos. Tervetuloa!<\/p>\n\n\n\n<h3 class=\"wp-block-heading\">HOX!<\/h3>\n\n\n\n<p>J\u00e4senet seuran j\u00e4senmaksu <strong><u>pit\u00e4\u00e4 olla maksettuna ennen jahdin alkua!<\/u><\/strong><\/p>\n\n\n\n<h2 class=\"wp-block-heading\">Kes\u00e4kokous 3.8<\/h2>\n\n\n\n<p>Kes\u00e4kokous pidet\u00e4\u00e4n seuran majalla 3.8.2024 klo 12.00. Johtokunta kokoontuu klo 11.00. Hirviasiat kokouksen j\u00e4lkeen.<\/p>\n\n\n\n<p>Liity kokoukseen <strong><a href=\"https:\/\/teams.microsoft.com\/l\/meetup-join\/19%3aRtvUsCuLBrMGPbeZIjCbmD0cbSFKfdIVjcCdzrHs_rA1%40thread.tacv2\/1722156293222?context=%7b%22Tid%22%3a%229f9ce49a-5101-4aa3-8c75-0d5935ad6525%22%2c%22Oid%22%3a%2268778d95-3cc9-49e9-bb6c-436f81ae4bb0%22%7d\">T\u00e4st\u00e4<\/a><\/strong><\/p>\n\n\n\n<h2 class=\"wp-block-heading\">J\u00e4senmaksu<\/h2>\n\n\n\n<p>J\u00e4senet muistakaa maksaa seuran j\u00e4senmaksu kes\u00e4kuun loppuun menness\u00e4(20\u20ac) laittakaa viestikentt\u00e4\u00e4n j\u00e4senmaksu 2024<\/p>\n\n\n\n<h2 class=\"wp-block-heading\">Ylim\u00e4\u00e4r\u00e4inen seuran kokous 20.4 Klo:16:00<\/h2>\n\n\n\n<p>K\u00e4sitelt\u00e4v\u00e4 asia: Varapuheenjohtajan valinta. Et\u00e4yhteys mahdollinen<\/p>\n\n\n\n<p>Liity kokoukseen <a href=\"https:\/\/teams.microsoft.com\/v2\/?meetingjoin=true#\/l\/meetup-join\/19:2akTqtDcaE3BCtN3q6vdWP22dBXsNbI7IK_y-ekVgXM1@thread.tacv2\/1712599863762?context=%7b%22Tid%22%3a%22386d3ea4-7f15-47e4-9dd7-9f0f28e57746%22%2c%22Oid%22%3a%220832922d-d56e-4f6b-b8ca-852ab9b00b50%22%7d&amp;anon=true&amp;deeplinkId=a211ca8f-8425-4c67-8e90-9ebb00edf46d.\"><strong>t\u00e4st\u00e4<\/strong><\/a><\/p>\n\n\n\n<h2 class=\"wp-block-heading\">Vuosikokous 3.2<\/h2>\n\n\n\n<p>Vuosikokous pidet\u00e4\u00e4n seuran majalla 03.02.2024 klo 12:00. Johtokunta kokoontuu klo 11:00.<\/p>\n\n\n\n<figure class=\"wp-block-image size-full is-resized\"><img loading=\"lazy\" decoding=\"async\" width=\"974\" height=\"530\" src=\"https:\/\/www.xn--pelttarinseudunmetsstysseura-onc.fi\/wp-content\/uploads\/2023\/10\/Screenshot_20231027_194402_Drive.jpg\" alt=\"\" class=\"wp-image-439\" style=\"width:352px;height:191px\" srcset=\"https:\/\/www.xn--pelttarinseudunmetsstysseura-onc.fi\/wp-content\/uploads\/2023\/10\/Screenshot_20231027_194402_Drive.jpg 974w, https:\/\/www.xn--pelttarinseudunmetsstysseura-onc.fi\/wp-content\/uploads\/2023\/10\/Screenshot_20231027_194402_Drive-300x163.jpg 300w, https:\/\/www.xn--pelttarinseudunmetsstysseura-onc.fi\/wp-content\/uploads\/2023\/10\/Screenshot_20231027_194402_Drive-768x418.jpg 768w\" sizes=\"auto, (max-width: 974px) 100vw, 974px\" \/><\/figure>\n\n\n\n<h2 class=\"wp-block-heading\">HOX<\/h2>\n\n\n\n<p>Mets\u00e4stysseuran j\u00e4senet muistakaa maksaa j\u00e4senmaksu. Laskua ei en\u00e4\u00e4 tule, j\u00e4sen joutuu itse huolehtimaan j\u00e4senmaksun. Merkitk\u00e4\u00e4 maksun viestikentt\u00e4\u00e4n vuosi ja j\u00e4senen nimi<\/p>\n\n\n\n<h2 class=\"wp-block-heading\">KES\u00c4KOKOUS 19.8<\/h2>\n\n\n\n<p>Kes\u00e4kokous pidet\u00e4\u00e4n seuran majalla 19.8.2023 klo 12.00. Johtokunta kokoontuu klo 11.00.<\/p>\n","protected":false},"excerpt":{"rendered":"<p>AJANKOHTAISTA Vuosikokous 07.02.2026 Vuosikokous mets\u00e4stysseuran majalla 7.2.2026 klo 12.00 Johtokunta kokoontuu klo 11. Tervetuloa! Liity kokoukseen t\u00e4st\u00e4 HOX Pelttarinseudun mets\u00e4stysseura ry. Ei myy t\u00e4n\u00e4 vuonna vieraslupia mets\u00e4kanalinnuille heikon mets\u00e4lintukannan vuoksi. Kes\u00e4kokous 02.08 Kes\u00e4kokous pidet\u00e4\u00e4n seuran majalla 2.8.2025 klo 12.00. Johtokunta kokoontuu klo 11.00. Hirviasiat kokouksen j\u00e4lkeen Liity kokoukseen t\u00e4st\u00e4 J\u00e4senmaksu 2025 Seuran j\u00e4senmaksu pit\u00e4\u00e4 olla [&hellip;]<\/p>\n","protected":false},"author":1,"featured_media":0,"parent":0,"menu_order":0,"comment_status":"closed","ping_status":"closed","template":"","meta":{"footnotes":""},"class_list":["post-18","page","type-page","status-publish","czr-hentry"],"yoast_head":"<!-- This site is optimized with the Yoast SEO plugin v26.7 - https:\/\/yoast.com\/wordpress\/plugins\/seo\/ -->\n<title>Etusivu | Pelttarinseudun mets&auml;stysseura RY<\/title>\n<meta name=\"robots\" content=\"index, follow, max-snippet:-1, max-image-preview:large, max-video-preview:-1\" \/>\n<link rel=\"canonical\" href=\"https:\/\/www.xn--pelttarinseudunmetsstysseura-onc.fi\/\" \/>\n<meta property=\"og:locale\" content=\"fi_FI\" \/>\n<meta property=\"og:type\" content=\"article\" \/>\n<meta property=\"og:title\" content=\"Etusivu | Pelttarinseudun mets&auml;stysseura RY\" \/>\n<meta property=\"og:description\" content=\"AJANKOHTAISTA Vuosikokous 07.02.2026 Vuosikokous mets\u00e4stysseuran majalla 7.2.2026 klo 12.00 Johtokunta kokoontuu klo 11. Tervetuloa! Liity kokoukseen t\u00e4st\u00e4 HOX Pelttarinseudun mets\u00e4stysseura ry. Ei myy t\u00e4n\u00e4 vuonna vieraslupia mets\u00e4kanalinnuille heikon mets\u00e4lintukannan vuoksi. Kes\u00e4kokous 02.08 Kes\u00e4kokous pidet\u00e4\u00e4n seuran majalla 2.8.2025 klo 12.00. Johtokunta kokoontuu klo 11.00. Hirviasiat kokouksen j\u00e4lkeen Liity kokoukseen t\u00e4st\u00e4 J\u00e4senmaksu 2025 Seuran j\u00e4senmaksu pit\u00e4\u00e4 olla [&hellip;]\" \/>\n<meta property=\"og:url\" content=\"https:\/\/www.xn--pelttarinseudunmetsstysseura-onc.fi\/\" \/>\n<meta property=\"og:site_name\" content=\"Pelttarinseudun mets&auml;stysseura RY\" \/>\n<meta property=\"article:modified_time\" content=\"2026-01-31T07:26:54+00:00\" \/>\n<meta property=\"og:image\" content=\"https:\/\/www.xn--pelttarinseudunmetsstysseura-onc.fi\/wp-content\/uploads\/2023\/10\/Screenshot_20231027_194402_Drive.jpg\" \/>\n\t<meta property=\"og:image:width\" content=\"974\" \/>\n\t<meta property=\"og:image:height\" content=\"530\" \/>\n\t<meta property=\"og:image:type\" content=\"image\/jpeg\" \/>\n<meta name=\"twitter:card\" content=\"summary_large_image\" \/>\n<script type=\"application\/ld+json\" class=\"yoast-schema-graph\">{\"@context\":\"https:\/\/schema.org\",\"@graph\":[{\"@type\":\"WebPage\",\"@id\":\"https:\/\/www.xn--pelttarinseudunmetsstysseura-onc.fi\/\",\"url\":\"https:\/\/www.xn--pelttarinseudunmetsstysseura-onc.fi\/\",\"name\":\"Etusivu | Pelttarinseudun mets&auml;stysseura RY\",\"isPartOf\":{\"@id\":\"https:\/\/www.xn--pelttarinseudunmetsstysseura-onc.fi\/#website\"},\"primaryImageOfPage\":{\"@id\":\"https:\/\/www.xn--pelttarinseudunmetsstysseura-onc.fi\/#primaryimage\"},\"image\":{\"@id\":\"https:\/\/www.xn--pelttarinseudunmetsstysseura-onc.fi\/#primaryimage\"},\"thumbnailUrl\":\"https:\/\/www.xn--pelttarinseudunmetsstysseura-onc.fi\/wp-content\/uploads\/2023\/10\/Screenshot_20231027_194402_Drive.jpg\",\"datePublished\":\"2023-03-28T13:58:01+00:00\",\"dateModified\":\"2026-01-31T07:26:54+00:00\",\"breadcrumb\":{\"@id\":\"https:\/\/www.xn--pelttarinseudunmetsstysseura-onc.fi\/#breadcrumb\"},\"inLanguage\":\"fi\",\"potentialAction\":[{\"@type\":\"ReadAction\",\"target\":[\"https:\/\/www.xn--pelttarinseudunmetsstysseura-onc.fi\/\"]}]},{\"@type\":\"ImageObject\",\"inLanguage\":\"fi\",\"@id\":\"https:\/\/www.xn--pelttarinseudunmetsstysseura-onc.fi\/#primaryimage\",\"url\":\"https:\/\/www.xn--pelttarinseudunmetsstysseura-onc.fi\/wp-content\/uploads\/2023\/10\/Screenshot_20231027_194402_Drive.jpg\",\"contentUrl\":\"https:\/\/www.xn--pelttarinseudunmetsstysseura-onc.fi\/wp-content\/uploads\/2023\/10\/Screenshot_20231027_194402_Drive.jpg\",\"width\":974,\"height\":530},{\"@type\":\"BreadcrumbList\",\"@id\":\"https:\/\/www.xn--pelttarinseudunmetsstysseura-onc.fi\/#breadcrumb\",\"itemListElement\":[{\"@type\":\"ListItem\",\"position\":1,\"name\":\"Etusivu\",\"item\":\"https:\/\/www.xn--pelttarinseudunmetsstysseura-onc.fi\/\"},{\"@type\":\"ListItem\",\"position\":2,\"name\":\"Etusivu\"}]},{\"@type\":\"WebSite\",\"@id\":\"https:\/\/www.xn--pelttarinseudunmetsstysseura-onc.fi\/#website\",\"url\":\"https:\/\/www.xn--pelttarinseudunmetsstysseura-onc.fi\/\",\"name\":\"Pelttarinseudun mets&auml;stysseura RY\",\"description\":\"\",\"publisher\":{\"@id\":\"https:\/\/www.xn--pelttarinseudunmetsstysseura-onc.fi\/#organization\"},\"alternateName\":\"pelttarinseudunmetsastysseura\",\"potentialAction\":[{\"@type\":\"SearchAction\",\"target\":{\"@type\":\"EntryPoint\",\"urlTemplate\":\"https:\/\/www.xn--pelttarinseudunmetsstysseura-onc.fi\/?s={search_term_string}\"},\"query-input\":{\"@type\":\"PropertyValueSpecification\",\"valueRequired\":true,\"valueName\":\"search_term_string\"}}],\"inLanguage\":\"fi\"},{\"@type\":\"Organization\",\"@id\":\"https:\/\/www.xn--pelttarinseudunmetsstysseura-onc.fi\/#organization\",\"name\":\"Pelttarinseudun mets\u00e4stysseura Ry\",\"url\":\"https:\/\/www.xn--pelttarinseudunmetsstysseura-onc.fi\/\",\"logo\":{\"@type\":\"ImageObject\",\"inLanguage\":\"fi\",\"@id\":\"https:\/\/www.xn--pelttarinseudunmetsstysseura-onc.fi\/#\/schema\/logo\/image\/\",\"url\":\"https:\/\/www.xn--pelttarinseudunmetsstysseura-onc.fi\/wp-content\/uploads\/2023\/03\/cropped-cropped-cropped-cropped-rhy.png\",\"contentUrl\":\"https:\/\/www.xn--pelttarinseudunmetsstysseura-onc.fi\/wp-content\/uploads\/2023\/03\/cropped-cropped-cropped-cropped-rhy.png\",\"width\":210,\"height\":161,\"caption\":\"Pelttarinseudun mets\u00e4stysseura Ry\"},\"image\":{\"@id\":\"https:\/\/www.xn--pelttarinseudunmetsstysseura-onc.fi\/#\/schema\/logo\/image\/\"}}]}<\/script>\n<!-- \/ Yoast SEO plugin. -->","yoast_head_json":{"title":"Etusivu | Pelttarinseudun mets&auml;stysseura RY","robots":{"index":"index","follow":"follow","max-snippet":"max-snippet:-1","max-image-preview":"max-image-preview:large","max-video-preview":"max-video-preview:-1"},"canonical":"https:\/\/www.xn--pelttarinseudunmetsstysseura-onc.fi\/","og_locale":"fi_FI","og_type":"article","og_title":"Etusivu | Pelttarinseudun mets&auml;stysseura RY","og_description":"AJANKOHTAISTA Vuosikokous 07.02.2026 Vuosikokous mets\u00e4stysseuran majalla 7.2.2026 klo 12.00 Johtokunta kokoontuu klo 11. Tervetuloa! Liity kokoukseen t\u00e4st\u00e4 HOX Pelttarinseudun mets\u00e4stysseura ry. Ei myy t\u00e4n\u00e4 vuonna vieraslupia mets\u00e4kanalinnuille heikon mets\u00e4lintukannan vuoksi. Kes\u00e4kokous 02.08 Kes\u00e4kokous pidet\u00e4\u00e4n seuran majalla 2.8.2025 klo 12.00. Johtokunta kokoontuu klo 11.00. Hirviasiat kokouksen j\u00e4lkeen Liity kokoukseen t\u00e4st\u00e4 J\u00e4senmaksu 2025 Seuran j\u00e4senmaksu pit\u00e4\u00e4 olla [&hellip;]","og_url":"https:\/\/www.xn--pelttarinseudunmetsstysseura-onc.fi\/","og_site_name":"Pelttarinseudun mets&auml;stysseura RY","article_modified_time":"2026-01-31T07:26:54+00:00","og_image":[{"width":974,"height":530,"url":"https:\/\/www.xn--pelttarinseudunmetsstysseura-onc.fi\/wp-content\/uploads\/2023\/10\/Screenshot_20231027_194402_Drive.jpg","type":"image\/jpeg"}],"twitter_card":"summary_large_image","schema":{"@context":"https:\/\/schema.org","@graph":[{"@type":"WebPage","@id":"https:\/\/www.xn--pelttarinseudunmetsstysseura-onc.fi\/","url":"https:\/\/www.xn--pelttarinseudunmetsstysseura-onc.fi\/","name":"Etusivu | Pelttarinseudun mets&auml;stysseura RY","isPartOf":{"@id":"https:\/\/www.xn--pelttarinseudunmetsstysseura-onc.fi\/#website"},"primaryImageOfPage":{"@id":"https:\/\/www.xn--pelttarinseudunmetsstysseura-onc.fi\/#primaryimage"},"image":{"@id":"https:\/\/www.xn--pelttarinseudunmetsstysseura-onc.fi\/#primaryimage"},"thumbnailUrl":"https:\/\/www.xn--pelttarinseudunmetsstysseura-onc.fi\/wp-content\/uploads\/2023\/10\/Screenshot_20231027_194402_Drive.jpg","datePublished":"2023-03-28T13:58:01+00:00","dateModified":"2026-01-31T07:26:54+00:00","breadcrumb":{"@id":"https:\/\/www.xn--pelttarinseudunmetsstysseura-onc.fi\/#breadcrumb"},"inLanguage":"fi","potentialAction":[{"@type":"ReadAction","target":["https:\/\/www.xn--pelttarinseudunmetsstysseura-onc.fi\/"]}]},{"@type":"ImageObject","inLanguage":"fi","@id":"https:\/\/www.xn--pelttarinseudunmetsstysseura-onc.fi\/#primaryimage","url":"https:\/\/www.xn--pelttarinseudunmetsstysseura-onc.fi\/wp-content\/uploads\/2023\/10\/Screenshot_20231027_194402_Drive.jpg","contentUrl":"https:\/\/www.xn--pelttarinseudunmetsstysseura-onc.fi\/wp-content\/uploads\/2023\/10\/Screenshot_20231027_194402_Drive.jpg","width":974,"height":530},{"@type":"BreadcrumbList","@id":"https:\/\/www.xn--pelttarinseudunmetsstysseura-onc.fi\/#breadcrumb","itemListElement":[{"@type":"ListItem","position":1,"name":"Etusivu","item":"https:\/\/www.xn--pelttarinseudunmetsstysseura-onc.fi\/"},{"@type":"ListItem","position":2,"name":"Etusivu"}]},{"@type":"WebSite","@id":"https:\/\/www.xn--pelttarinseudunmetsstysseura-onc.fi\/#website","url":"https:\/\/www.xn--pelttarinseudunmetsstysseura-onc.fi\/","name":"Pelttarinseudun mets&auml;stysseura RY","description":"","publisher":{"@id":"https:\/\/www.xn--pelttarinseudunmetsstysseura-onc.fi\/#organization"},"alternateName":"pelttarinseudunmetsastysseura","potentialAction":[{"@type":"SearchAction","target":{"@type":"EntryPoint","urlTemplate":"https:\/\/www.xn--pelttarinseudunmetsstysseura-onc.fi\/?s={search_term_string}"},"query-input":{"@type":"PropertyValueSpecification","valueRequired":true,"valueName":"search_term_string"}}],"inLanguage":"fi"},{"@type":"Organization","@id":"https:\/\/www.xn--pelttarinseudunmetsstysseura-onc.fi\/#organization","name":"Pelttarinseudun mets\u00e4stysseura Ry","url":"https:\/\/www.xn--pelttarinseudunmetsstysseura-onc.fi\/","logo":{"@type":"ImageObject","inLanguage":"fi","@id":"https:\/\/www.xn--pelttarinseudunmetsstysseura-onc.fi\/#\/schema\/logo\/image\/","url":"https:\/\/www.xn--pelttarinseudunmetsstysseura-onc.fi\/wp-content\/uploads\/2023\/03\/cropped-cropped-cropped-cropped-rhy.png","contentUrl":"https:\/\/www.xn--pelttarinseudunmetsstysseura-onc.fi\/wp-content\/uploads\/2023\/03\/cropped-cropped-cropped-cropped-rhy.png","width":210,"height":161,"caption":"Pelttarinseudun mets\u00e4stysseura Ry"},"image":{"@id":"https:\/\/www.xn--pelttarinseudunmetsstysseura-onc.fi\/#\/schema\/logo\/image\/"}}]}},"_links":{"self":[{"href":"https:\/\/www.xn--pelttarinseudunmetsstysseura-onc.fi\/index.php?rest_route=\/wp\/v2\/pages\/18","targetHints":{"allow":["GET"]}}],"collection":[{"href":"https:\/\/www.xn--pelttarinseudunmetsstysseura-onc.fi\/index.php?rest_route=\/wp\/v2\/pages"}],"about":[{"href":"https:\/\/www.xn--pelttarinseudunmetsstysseura-onc.fi\/index.php?rest_route=\/wp\/v2\/types\/page"}],"author":[{"embeddable":true,"href":"https:\/\/www.xn--pelttarinseudunmetsstysseura-onc.fi\/index.php?rest_route=\/wp\/v2\/users\/1"}],"replies":[{"embeddable":true,"href":"https:\/\/www.xn--pelttarinseudunmetsstysseura-onc.fi\/index.php?rest_route=%2Fwp%2Fv2%2Fcomments&post=18"}],"version-history":[{"count":59,"href":"https:\/\/www.xn--pelttarinseudunmetsstysseura-onc.fi\/index.php?rest_route=\/wp\/v2\/pages\/18\/revisions"}],"predecessor-version":[{"id":556,"href":"https:\/\/www.xn--pelttarinseudunmetsstysseura-onc.fi\/index.php?rest_route=\/wp\/v2\/pages\/18\/revisions\/556"}],"wp:attachment":[{"href":"https:\/\/www.xn--pelttarinseudunmetsstysseura-onc.fi\/index.php?rest_route=%2Fwp%2Fv2%2Fmedia&parent=18"}],"curies":[{"name":"wp","href":"https:\/\/api.w.org\/{rel}","templated":true}]}}